{"id":888,"date":"2025-11-06T02:59:01","date_gmt":"2025-11-06T01:59:01","guid":{"rendered":"https:\/\/iglabyv.com\/?page_id=888"},"modified":"2026-03-13T15:35:21","modified_gmt":"2026-03-13T14:35:21","slug":"presse","status":"publish","type":"page","link":"https:\/\/iglabyv.com\/en\/presse\/","title":{"rendered":"Press"},"content":{"rendered":"<div id=\"fws_69e343e144da8\"  data-column-margin=\"default\" data-midnight=\"dark\" data-top-percent=\"6%\" data-bottom-percent=\"6%\"  class=\"wpb_row vc_row-fluid vc_row full-width-section  top_padding_tablet_9pct top_padding_phone_12pct bottom_padding_tablet_9pct bottom_padding_phone_12pct\"  style=\"padding-top: calc(100vw * 0.06); padding-bottom: calc(100vw * 0.06); \"><div class=\"row-bg-wrap\" data-bg-animation=\"none\" data-bg-animation-delay=\"\" data-bg-overlay=\"false\"><div class=\"inner-wrap row-bg-layer\" ><div class=\"row-bg viewport-desktop using-bg-color\"  style=\"background-color: #000000; \"><\/div><\/div><\/div><div class=\"row_col_wrap_12 col span_12 dark left\">\n\t<div  class=\"vc_col-sm-12 wpb_column column_container vc_column_container col el_spacing_0px\"  data-padding-pos=\"all\" data-has-bg-color=\"false\" data-bg-color=\"\" data-bg-opacity=\"1\" data-animation=\"\" data-delay=\"0\" >\n\t\t<div class=\"vc_column-inner\" >\n\t\t\t<div class=\"wpb_wrapper\">\n\t\t\t\t<div class='nectar-post-grid-wrap text-color-light additional-meta-size-small spacing-15px' data-el-settings='{\"post_type\":\"post\",\"pagination\":\"none\",\"image_size\":\"large\",\"parallax_scrolling\":\"\",\"aspect_ratio_image_size\":\"\",\"category_position\":\"overlaid\",\"category_display\":\"parent_only\",\"display_categories\":\"yes\",\"display_excerpt\":\"0\",\"excerpt_length\":\"20\",\"display_date\":\"0\",\"display_estimated_reading_time\":\"0\",\"display_author\":\"0\",\"author_functionality\":\"default\",\"author_position\":\"default\",\"color_overlay\":\"#000000\",\"color_overlay_opacity\":\"0.3\",\"color_overlay_hover_opacity\":\"0.4\",\"card_bg_color\":\"\",\"grid_style\":\"content_overlaid\",\"hover_effect\":\"zoom\",\"post_title_overlay\":\"\",\"heading_tag\":\"default\",\"enable_gallery_lightbox\":\"0\",\"category_style\":\"button\",\"overlay_secondary_project_image\":\"\",\"vertical_list_hover_effect\":\"none\",\"vertical_list_read_more\":\"\",\"read_more_button\":\"0\",\"animation\":\"zoom-out-reveal\"}' data-style='content_overlaid' data-query='{\"post_type\":\"post\",\"posts_per_page\":\"4\",\"order\":\"DESC\",\"orderby\":\"date\",\"offset\":\"0\",\"cpt_name\":\"post\",\"custom_query_tax\":\"\",\"ignore_sticky_posts\":\"\"}' data-load-more-color='black' data-load-more-text='Load More'><div class=\"nectar-post-grid-filters\" data-active-color=\"default\" data-align=\"default\" data-animation=\"zoom-out-reveal\" data-sortable=\"\"><h4>Filter<\/h4><div><a href=\"#\" class=\"active all-filter\" data-total-count=\"4\" data-filter=\"-1\">All<\/a><a href=\"#\" data-filter=\"press%d0%b5\" data-total-count=\"0\">PRESS<\/a><a href=\"#\" data-filter=\"tv\" data-total-count=\"1\">TV<\/a><\/div><\/div><div class=\"nectar-post-grid custom_font_size_1-3vw font_size_min_16px font_size_max_24px font_line_height_1-4 text-opacity-1 text-opacity-hover-1 category-position-before-title meta-display-large_items_only\" data-indicator=\"\" data-indicator-style=\"default\" data-indicator-text-color=\"#fff\" data-indicator-color=\"#000\" data-indicator-text=\"View\" data-masonry=\"yes\" data-columns=\"3\" data-hover-effect=\"zoom\" data-text-style=\"default\" data-border-radius=\"10px\" data-grid-item-height=\"50vh\" data-grid-spacing=\"15px\" data-text-layout=\"all_bottom_left\" data-text-color=\"light\" data-text-hover-color=\"light\" data-shadow-hover=\"yes\" data-animation=\"zoom-out-reveal\" data-animation-stagger=\"1\" data-cat-click=\"default\" style=\"--post-grid-border-radius:10px;\" ><div class=\"nectar-post-grid-item\" data-post-id=\"997\" data-has-img=\"true\"> <div class=\"inner\"><div class=\"nectar-post-grid-item-bg-wrap\"><div class=\"nectar-post-grid-item-bg-wrap-inner\"><div class=\"nectar-post-grid-item-bg\"><img loading=\"lazy\" decoding=\"async\" width=\"683\" height=\"1024\" src=\"https:\/\/iglabyv.com\/wp-content\/uploads\/2024\/07\/Veste-courte-3-683x1024.jpg\" class=\"attachment-large size-large wp-post-image\" alt=\"veste courte Zo\u00e9 oversize - IGLA BY V\" srcset=\"https:\/\/iglabyv.com\/wp-content\/uploads\/2024\/07\/Veste-courte-3-683x1024.jpg 683w, https:\/\/iglabyv.com\/wp-content\/uploads\/2024\/07\/Veste-courte-3-200x300.jpg 200w, https:\/\/iglabyv.com\/wp-content\/uploads\/2024\/07\/Veste-courte-3-768x1152.jpg 768w, https:\/\/iglabyv.com\/wp-content\/uploads\/2024\/07\/Veste-courte-3-8x12.jpg 8w, https:\/\/iglabyv.com\/wp-content\/uploads\/2024\/07\/Veste-courte-3-600x900.jpg 600w, https:\/\/iglabyv.com\/wp-content\/uploads\/2024\/07\/Veste-courte-3.jpg 800w\" sizes=\"auto, (max-width: 683px) 100vw, 683px\" \/><\/div><\/div><\/div><div class=\"bg-overlay\" style=\" background-color: #000000;\" data-opacity=\"0.3\" data-hover-opacity=\"0.4\"><\/div><div class=\"content\"><a class=\"nectar-post-grid-link\" href=\"https:\/\/substack.com\/@curatedbyamaria\/note\/c-207467695\" aria-label=\"Portrait &#8211; IGLA BY V\" target=\"_blank\"><\/a><span class=\"meta-category\"><a class=\"press%d0%b5 style-button\" href=\"https:\/\/iglabyv.com\/en\/category\/press%d0%b5\/\">PRESS<\/a><\/span><div class=\"item-main\"><h3 class=\"post-heading\"><a href=\"https:\/\/substack.com\/@curatedbyamaria\/note\/c-207467695\"><div class=\"nectar-split-heading custom-trigger\" data-align=\"default\" data-m-align=\"inherit\" data-text-effect=\"default\" data-animation-type=\"line-reveal-by-space\" data-animation-delay=\"\" data-animation-offset=\"\" data-m-rm-animation=\"\" data-stagger=\"true\"><p>Portrait &#8211; IGLA BY V<\/p><\/div><\/a><\/h3><\/div><\/div><\/div><\/div><div class=\"nectar-post-grid-item\" data-post-id=\"941\" data-has-img=\"true\"> <div class=\"inner\"><div class=\"nectar-post-grid-item-bg-wrap\"><div class=\"nectar-post-grid-item-bg-wrap-inner\"><div class=\"nectar-post-grid-item-bg\"><img loading=\"lazy\" decoding=\"async\" width=\"600\" height=\"600\" src=\"https:\/\/iglabyv.com\/wp-content\/uploads\/2025\/11\/Couverture_British_Vogue_Dec25.png\" class=\"attachment-large size-large wp-post-image\" alt=\"Vogue UK December 2025\" srcset=\"https:\/\/iglabyv.com\/wp-content\/uploads\/2025\/11\/Couverture_British_Vogue_Dec25.png 600w, https:\/\/iglabyv.com\/wp-content\/uploads\/2025\/11\/Couverture_British_Vogue_Dec25-300x300.png 300w, https:\/\/iglabyv.com\/wp-content\/uploads\/2025\/11\/Couverture_British_Vogue_Dec25-150x150.png 150w, https:\/\/iglabyv.com\/wp-content\/uploads\/2025\/11\/Couverture_British_Vogue_Dec25-12x12.png 12w, https:\/\/iglabyv.com\/wp-content\/uploads\/2025\/11\/Couverture_British_Vogue_Dec25-140x140.png 140w, https:\/\/iglabyv.com\/wp-content\/uploads\/2025\/11\/Couverture_British_Vogue_Dec25-100x100.png 100w, https:\/\/iglabyv.com\/wp-content\/uploads\/2025\/11\/Couverture_British_Vogue_Dec25-500x500.png 500w, https:\/\/iglabyv.com\/wp-content\/uploads\/2025\/11\/Couverture_British_Vogue_Dec25-350x350.png 350w, https:\/\/iglabyv.com\/wp-content\/uploads\/2025\/11\/Couverture_British_Vogue_Dec25-50x50.png 50w\" sizes=\"auto, (max-width: 600px) 100vw, 600px\" \/><\/div><\/div><\/div><div class=\"bg-overlay\" style=\" background-color: #000000;\" data-opacity=\"0.3\" data-hover-opacity=\"0.4\"><\/div><div class=\"content\"><a class=\"nectar-post-grid-link\" href=\"https:\/\/iglabyv.com\/en\/vogue-uk-december-2025\/\" aria-label=\"Vogue&nbsp;UK&nbsp;December&nbsp;2025\"><\/a><span class=\"meta-category\"><a class=\"press%d0%b5 style-button\" href=\"https:\/\/iglabyv.com\/en\/category\/press%d0%b5\/\">PRESS<\/a><\/span><div class=\"item-main\"><h3 class=\"post-heading\"><a href=\"https:\/\/iglabyv.com\/en\/vogue-uk-december-2025\/\"><div class=\"nectar-split-heading custom-trigger\" data-align=\"default\" data-m-align=\"inherit\" data-text-effect=\"default\" data-animation-type=\"line-reveal-by-space\" data-animation-delay=\"\" data-animation-offset=\"\" data-m-rm-animation=\"\" data-stagger=\"true\"><p>Vogue&nbsp;UK&nbsp;December&nbsp;2025<\/p><\/div><\/a><\/h3><\/div><\/div><\/div><\/div><div class=\"nectar-post-grid-item\" data-post-id=\"883\" data-has-img=\"true\"> <div class=\"inner\"><div class=\"nectar-post-grid-item-bg-wrap\"><div class=\"nectar-post-grid-item-bg-wrap-inner\"><div class=\"nectar-post-grid-item-bg\"><img loading=\"lazy\" decoding=\"async\" width=\"786\" height=\"1024\" src=\"https:\/\/iglabyv.com\/wp-content\/uploads\/2025\/11\/presse-image-2-786x1024.jpg\" class=\"attachment-large size-large wp-post-image\" alt=\"Look IGLA BY V mise en avant dans le magazine Edith, num\u00e9ro d&#039;ao\u00fbt 25\" srcset=\"https:\/\/iglabyv.com\/wp-content\/uploads\/2025\/11\/presse-image-2-786x1024.jpg 786w, https:\/\/iglabyv.com\/wp-content\/uploads\/2025\/11\/presse-image-2-230x300.jpg 230w, https:\/\/iglabyv.com\/wp-content\/uploads\/2025\/11\/presse-image-2-768x1001.jpg 768w, https:\/\/iglabyv.com\/wp-content\/uploads\/2025\/11\/presse-image-2-1179x1536.jpg 1179w, https:\/\/iglabyv.com\/wp-content\/uploads\/2025\/11\/presse-image-2-1572x2048.jpg 1572w, https:\/\/iglabyv.com\/wp-content\/uploads\/2025\/11\/presse-image-2-9x12.jpg 9w, https:\/\/iglabyv.com\/wp-content\/uploads\/2025\/11\/presse-image-2-600x782.jpg 600w, https:\/\/iglabyv.com\/wp-content\/uploads\/2025\/11\/presse-image-2-scaled.jpg 1965w\" sizes=\"auto, (max-width: 786px) 100vw, 786px\" \/><\/div><\/div><\/div><div class=\"bg-overlay\" style=\" background-color: #000000;\" data-opacity=\"0.3\" data-hover-opacity=\"0.4\"><\/div><div class=\"content\"><a class=\"nectar-post-grid-link\" href=\"https:\/\/iglabyv.com\/en\/edith-magazine-august-2025\/\" aria-label=\"EDITH August 2025\"><\/a><span class=\"meta-category\"><a class=\"press%d0%b5 style-button\" href=\"https:\/\/iglabyv.com\/en\/category\/press%d0%b5\/\">PRESS<\/a><\/span><div class=\"item-main\"><h3 class=\"post-heading\"><a href=\"https:\/\/iglabyv.com\/en\/edith-magazine-august-2025\/\"><div class=\"nectar-split-heading custom-trigger\" data-align=\"default\" data-m-align=\"inherit\" data-text-effect=\"default\" data-animation-type=\"line-reveal-by-space\" data-animation-delay=\"\" data-animation-offset=\"\" data-m-rm-animation=\"\" data-stagger=\"true\"><p>EDITH August 2025<\/p><\/div><\/a><\/h3><\/div><\/div><\/div><\/div><div class=\"nectar-post-grid-item\" data-post-id=\"879\" data-has-img=\"true\"> <div class=\"inner\"><div class=\"nectar-post-grid-item-bg-wrap\"><div class=\"nectar-post-grid-item-bg-wrap-inner\"><div class=\"nectar-post-grid-item-bg\"><img loading=\"lazy\" decoding=\"async\" width=\"1024\" height=\"548\" src=\"https:\/\/iglabyv.com\/wp-content\/uploads\/2024\/05\/hero-1024x548.jpg\" class=\"attachment-large size-large wp-post-image\" alt=\"Pi\u00e8ces IGLA BY V port\u00e9es \u00e0 l&#039;\u00e9cran - collaboration T\u00e9l\u00e9visionStyle\" srcset=\"https:\/\/iglabyv.com\/wp-content\/uploads\/2024\/05\/hero-1024x548.jpg 1024w, https:\/\/iglabyv.com\/wp-content\/uploads\/2024\/05\/hero-600x321.jpg 600w, https:\/\/iglabyv.com\/wp-content\/uploads\/2024\/05\/hero-300x161.jpg 300w, https:\/\/iglabyv.com\/wp-content\/uploads\/2024\/05\/hero-768x411.jpg 768w, https:\/\/iglabyv.com\/wp-content\/uploads\/2024\/05\/hero-1536x822.jpg 1536w, https:\/\/iglabyv.com\/wp-content\/uploads\/2024\/05\/hero.jpg 1905w\" sizes=\"auto, (max-width: 1024px) 100vw, 1024px\" \/><\/div><\/div><\/div><div class=\"bg-overlay\" style=\" background-color: #000000;\" data-opacity=\"0.3\" data-hover-opacity=\"0.4\"><\/div><div class=\"content\"><a class=\"nectar-post-grid-link\" href=\"https:\/\/www.instagram.com\/stories\/highlights\/18072134180125053\/\" aria-label=\"TELEVISIONSTYLE&nbsp;x&nbsp;IGLA&nbsp;BY&nbsp;V\" target=\"_blank\"><\/a><span class=\"meta-category\"><a class=\"tv style-button\" href=\"https:\/\/iglabyv.com\/en\/category\/tv\/\">TV<\/a><\/span><div class=\"item-main\"><h3 class=\"post-heading\"><a href=\"https:\/\/www.instagram.com\/stories\/highlights\/18072134180125053\/\"><div class=\"nectar-split-heading custom-trigger\" data-align=\"default\" data-m-align=\"inherit\" data-text-effect=\"default\" data-animation-type=\"line-reveal-by-space\" data-animation-delay=\"\" data-animation-offset=\"\" data-m-rm-animation=\"\" data-stagger=\"true\"><p>TELEVISIONSTYLE&nbsp;x&nbsp;IGLA&nbsp;BY&nbsp;V<\/p><\/div><\/a><\/h3><\/div><\/div><\/div><\/div><\/div><\/div>\n\t\t\t<\/div> \n\t\t<\/div>\n\t<\/div> \n<\/div><\/div>","protected":false},"excerpt":{"rendered":"","protected":false},"author":2,"featured_media":0,"parent":0,"menu_order":0,"comment_status":"closed","ping_status":"closed","template":"","meta":{"om_disable_all_campaigns":false,"_uf_show_specific_survey":0,"_uf_disable_surveys":false,"footnotes":""},"class_list":["post-888","page","type-page","status-publish"],"aioseo_notices":[],"_links":{"self":[{"href":"https:\/\/iglabyv.com\/en\/wp-json\/wp\/v2\/pages\/888","targetHints":{"allow":["GET"]}}],"collection":[{"href":"https:\/\/iglabyv.com\/en\/wp-json\/wp\/v2\/pages"}],"about":[{"href":"https:\/\/iglabyv.com\/en\/wp-json\/wp\/v2\/types\/page"}],"author":[{"embeddable":true,"href":"https:\/\/iglabyv.com\/en\/wp-json\/wp\/v2\/users\/2"}],"replies":[{"embeddable":true,"href":"https:\/\/iglabyv.com\/en\/wp-json\/wp\/v2\/comments?post=888"}],"version-history":[{"count":26,"href":"https:\/\/iglabyv.com\/en\/wp-json\/wp\/v2\/pages\/888\/revisions"}],"predecessor-version":[{"id":1001,"href":"https:\/\/iglabyv.com\/en\/wp-json\/wp\/v2\/pages\/888\/revisions\/1001"}],"wp:attachment":[{"href":"https:\/\/iglabyv.com\/en\/wp-json\/wp\/v2\/media?parent=888"}],"curies":[{"name":"wp","href":"https:\/\/api.w.org\/{rel}","templated":true}]}}