{"id":539,"date":"2024-11-01T09:20:40","date_gmt":"2024-11-01T08:20:40","guid":{"rendered":"https:\/\/iglabyv.com\/?page_id=539"},"modified":"2025-10-28T15:50:07","modified_gmt":"2025-10-28T14:50:07","slug":"shop-boutique","status":"publish","type":"page","link":"https:\/\/iglabyv.com\/en\/shop-boutique\/","title":{"rendered":"Shop"},"content":{"rendered":"<div id=\"fws_69e09cce79bc5\"  data-column-margin=\"default\" data-midnight=\"light\" data-top-percent=\"8%\" data-bottom-percent=\"6%\"  class=\"wpb_row vc_row-fluid vc_row full-width-section  zindex-set\"  style=\"padding-top: calc(100vw * 0.08); padding-bottom: calc(100vw * 0.06);  z-index: 123;\"><div class=\"row-bg-wrap\" data-bg-animation=\"none\" data-bg-animation-delay=\"\" data-bg-overlay=\"false\"><div class=\"inner-wrap row-bg-layer\" ><div class=\"row-bg viewport-desktop using-bg-color\"  style=\"background-color: #020202; \"><\/div><\/div><\/div><div class=\"row_col_wrap_12 col span_12 light left\">\n\t<div  class=\"vc_col-sm-12 wpb_column column_container vc_column_container col no-extra-padding inherit_tablet inherit_phone\"  data-padding-pos=\"all\" data-has-bg-color=\"false\" data-bg-color=\"\" data-bg-opacity=\"1\" data-animation=\"\" data-delay=\"0\" >\n\t\t<div class=\"vc_column-inner\" >\n\t\t\t<div class=\"wpb_wrapper\">\n\t\t\t\t<div id=\"fws_69e09cce7a693\" data-midnight=\"\" data-column-margin=\"default\" class=\"wpb_row vc_row-fluid vc_row inner_row\"  style=\"\"><div class=\"row-bg-wrap\"> <div class=\"row-bg\" ><\/div> <\/div><div class=\"row_col_wrap_12_inner col span_12  left\">\n\t<div  class=\"vc_col-sm-12 wpb_column column_container vc_column_container col child_column no-extra-padding inherit_tablet inherit_phone\"   data-padding-pos=\"all\" data-has-bg-color=\"false\" data-bg-color=\"\" data-bg-opacity=\"1\" data-animation=\"\" data-delay=\"0\" >\n\t\t<div class=\"vc_column-inner\" >\n\t\t<div class=\"wpb_wrapper\">\n\t\t\t<div class=\"nectar-scrolling-text font_size_7vw font_size_mobile_15vw custom_color\" data-style=\"default\" data-s-dir=\"ltr\" data-spacing=\"false\" data-outline-thickness=\"thin\" data-s-speed=\"slowest\" data-overflow=\"visible\" ><div class=\"nectar-scrolling-text-inner\" style=\"color: #ffffff;\"><div class=\"nectar-scrolling-text-inner__text-chunk\">\n<h1>EXPLORE THE COLLECTION<span>&nbsp;<\/span><\/h1>\n<\/div><div class=\"nectar-scrolling-text-inner__text-chunk\">\n<h1>EXPLORE THE COLLECTION<span>&nbsp;<\/span><\/h1>\n<\/div><\/div><\/div>\n\t\t<\/div> \n\t<\/div>\n\t<\/div> \n<\/div><\/div><div class=\"woocommerce columns-3\">\n\t\t\n\t\t\n\t\t\n  <ul class=\"products columns-3\" data-n-lazy=\"off\" data-rm-m-hover=\"off\" data-n-desktop-columns=\"3\" data-n-desktop-small-columns=\"3\" data-n-tablet-columns=\"2\" data-n-phone-columns=\"1\" data-product-style=\"minimal\">\n\n\n\n\t\t\t\n\t\t\t\t\n\t<li class=\"minimal product type-product post-98 status-publish first instock product_cat-pantalon has-post-thumbnail taxable shipping-taxable purchasable product-type-variable\" >\n\n\n\t\n\n\t\t\t\t <div class=\"background-color-expand\"><\/div>\n\t   <div class=\"product-wrap\">\n\t\t\t<a href=\"https:\/\/iglabyv.com\/en\/product\/pantalon-large-taille-haute-ava\/\" aria-label=\"Pantalon taille haute femme en laine - coupe large tailoring | IGLA BY V\"><img loading=\"lazy\" decoding=\"async\" width=\"600\" height=\"900\" src=\"https:\/\/iglabyv.com\/wp-content\/uploads\/2024\/05\/pantalon-v1-600x900.jpg\" class=\"attachment-woocommerce_thumbnail size-woocommerce_thumbnail\" alt=\"pantalon Ava taille haute en laine \u2013 IGLA BY V\" srcset=\"https:\/\/iglabyv.com\/wp-content\/uploads\/2024\/05\/pantalon-v1-600x900.jpg 600w, https:\/\/iglabyv.com\/wp-content\/uploads\/2024\/05\/pantalon-v1-200x300.jpg 200w, https:\/\/iglabyv.com\/wp-content\/uploads\/2024\/05\/pantalon-v1-8x12.jpg 8w\" sizes=\"auto, (max-width: 600px) 100vw, 600px\" \/><img loading=\"lazy\" decoding=\"async\" width=\"600\" height=\"902\" src=\"https:\/\/iglabyv.com\/wp-content\/uploads\/2024\/05\/pantalon-v2.jpg\" class=\"hover-gallery-image\" alt=\"vue devant du pantalon Ava coupe large \u2013 IGLA by V\" srcset=\"https:\/\/iglabyv.com\/wp-content\/uploads\/2024\/05\/pantalon-v2.jpg 600w, https:\/\/iglabyv.com\/wp-content\/uploads\/2024\/05\/pantalon-v2-200x300.jpg 200w, https:\/\/iglabyv.com\/wp-content\/uploads\/2024\/05\/pantalon-v2-8x12.jpg 8w\" sizes=\"auto, (max-width: 600px) 100vw, 600px\" \/><\/a><div class=\"product-meta\"><a href=\"https:\/\/iglabyv.com\/en\/product\/pantalon-large-taille-haute-ava\/\"><h2 class=\"woocommerce-loop-product__title\">Women's high-waisted wool pants \u2013 loose-fitting tailored style | IGLA BY V<\/h2><\/a><div class=\"price-hover-wrap\">\n\t<span class=\"price\"><span class=\"woocommerce-Price-amount amount\"><bdi>890,00&nbsp;<span class=\"woocommerce-Price-currencySymbol\">&euro;<\/span><\/bdi><\/span><\/span>\n<div class=\"product-add-to-cart\" data-nectar-quickview=\"false\"><a href=\"https:\/\/iglabyv.com\/en\/product\/pantalon-large-taille-haute-ava\/\" aria-describedby=\"woocommerce_loop_add_to_cart_link_describedby_98\" data-quantity=\"1\" class=\"button product_type_variable add_to_cart_button\" data-product_id=\"98\" data-product_sku=\"\" aria-label=\"Select options for \u201cPantalon taille haute femme en laine - coupe large tailoring | IGLA BY V\u201d\" rel=\"nofollow\" data-no-translation-aria-label=\"\"><i class=\"normal icon-salient-cart\"><\/i><span data-no-translation=\"\" data-trp-gettext=\"\">Select options<\/span><\/a><span id=\"woocommerce_loop_add_to_cart_link_describedby_98\" class=\"screen-reader-text\">\n\tThis product has multiple variants. The options may be chosen on the product page<\/span><\/div>\n\t\t\t\t<\/div>\n\t\t\t<\/div><\/div>\t\t\n\t  \n\n\t\t\n\t\n\n\t\n<\/li>\n\t\t\t\n\t\t\t\t\n\t<li class=\"minimal product type-product post-147 status-publish instock product_cat-vestes has-post-thumbnail taxable shipping-taxable purchasable product-type-variable\" >\n\n\n\t\n\n\t\t\t\t <div class=\"background-color-expand\"><\/div>\n\t   <div class=\"product-wrap\">\n\t\t\t<a href=\"https:\/\/iglabyv.com\/en\/product\/veste-courte-zoe\/\" aria-label=\"Women&#039;s short wool jacket \u2013 oversized fit | IGLA BY V\"><img loading=\"lazy\" decoding=\"async\" width=\"600\" height=\"900\" src=\"https:\/\/iglabyv.com\/wp-content\/uploads\/2024\/07\/DSC_-19-of-21-copy-3-1-1-600x900.jpg\" class=\"attachment-woocommerce_thumbnail size-woocommerce_thumbnail\" alt=\"veste courte Zo\u00e9 en laine \u2013 IGLA by V\" srcset=\"https:\/\/iglabyv.com\/wp-content\/uploads\/2024\/07\/DSC_-19-of-21-copy-3-1-1-600x900.jpg 600w, https:\/\/iglabyv.com\/wp-content\/uploads\/2024\/07\/DSC_-19-of-21-copy-3-1-1-200x300.jpg 200w, https:\/\/iglabyv.com\/wp-content\/uploads\/2024\/07\/DSC_-19-of-21-copy-3-1-1-8x12.jpg 8w\" sizes=\"auto, (max-width: 600px) 100vw, 600px\" \/><img loading=\"lazy\" decoding=\"async\" width=\"1703\" height=\"2560\" src=\"https:\/\/iglabyv.com\/wp-content\/uploads\/2024\/07\/Veste_Zoe2-scaled.jpg\" class=\"hover-gallery-image\" alt=\"vue devant de la veste courte Zo\u00e9 \u2013 IGLA by V\" srcset=\"https:\/\/iglabyv.com\/wp-content\/uploads\/2024\/07\/Veste_Zoe2-scaled.jpg 1703w, https:\/\/iglabyv.com\/wp-content\/uploads\/2024\/07\/Veste_Zoe2-200x300.jpg 200w, https:\/\/iglabyv.com\/wp-content\/uploads\/2024\/07\/Veste_Zoe2-681x1024.jpg 681w, https:\/\/iglabyv.com\/wp-content\/uploads\/2024\/07\/Veste_Zoe2-768x1154.jpg 768w, https:\/\/iglabyv.com\/wp-content\/uploads\/2024\/07\/Veste_Zoe2-1022x1536.jpg 1022w, https:\/\/iglabyv.com\/wp-content\/uploads\/2024\/07\/Veste_Zoe2-1363x2048.jpg 1363w, https:\/\/iglabyv.com\/wp-content\/uploads\/2024\/07\/Veste_Zoe2-8x12.jpg 8w, https:\/\/iglabyv.com\/wp-content\/uploads\/2024\/07\/Veste_Zoe2-600x902.jpg 600w\" sizes=\"auto, (max-width: 1703px) 100vw, 1703px\" \/><\/a><div class=\"product-meta\"><a href=\"https:\/\/iglabyv.com\/en\/product\/veste-courte-zoe\/\"><h2 class=\"woocommerce-loop-product__title\">Women's short wool jacket \u2013 oversized fit | IGLA BY V<\/h2><\/a><div class=\"price-hover-wrap\">\n\t<span class=\"price\"><span class=\"woocommerce-Price-amount amount\"><bdi>890,00&nbsp;<span class=\"woocommerce-Price-currencySymbol\">&euro;<\/span><\/bdi><\/span><\/span>\n<div class=\"product-add-to-cart\" data-nectar-quickview=\"false\"><a href=\"https:\/\/iglabyv.com\/en\/product\/veste-courte-zoe\/\" aria-describedby=\"woocommerce_loop_add_to_cart_link_describedby_147\" data-quantity=\"1\" class=\"button product_type_variable add_to_cart_button\" data-product_id=\"147\" data-product_sku=\"\" aria-label=\"Select options for \u201cVeste courte en laine femme \u2013 coupe oversize | IGLA BY V\u201d\" rel=\"nofollow\" data-no-translation-aria-label=\"\"><i class=\"normal icon-salient-cart\"><\/i><span data-no-translation=\"\" data-trp-gettext=\"\">Select options<\/span><\/a><span id=\"woocommerce_loop_add_to_cart_link_describedby_147\" class=\"screen-reader-text\">\n\tThis product has multiple variants. The options may be chosen on the product page<\/span><\/div>\n\t\t\t\t<\/div>\n\t\t\t<\/div><\/div>\t\t\n\t  \n\n\t\t\n\t\n\n\t\n<\/li>\n\t\t\t\n\t\t\t\t\n\t<li class=\"minimal product type-product post-162 status-publish instock product_cat-vestes has-post-thumbnail taxable shipping-taxable purchasable product-type-variable\" >\n\n\n\t\n\n\t\t\t\t <div class=\"background-color-expand\"><\/div>\n\t   <div class=\"product-wrap\">\n\t\t\t<a href=\"https:\/\/iglabyv.com\/en\/product\/veste-sans-manches-celine\/\" aria-label=\"Veste sans manches structur\u00e9e - femme | IGLA BY V\"><img loading=\"lazy\" decoding=\"async\" width=\"600\" height=\"900\" src=\"https:\/\/iglabyv.com\/wp-content\/uploads\/2024\/07\/sako2-600x900.jpg\" class=\"attachment-woocommerce_thumbnail size-woocommerce_thumbnail\" alt=\"veste sans manches C\u00e9line \u2013 IGLA by V\" srcset=\"https:\/\/iglabyv.com\/wp-content\/uploads\/2024\/07\/sako2-600x900.jpg 600w, https:\/\/iglabyv.com\/wp-content\/uploads\/2024\/07\/sako2-200x300.jpg 200w, https:\/\/iglabyv.com\/wp-content\/uploads\/2024\/07\/sako2-683x1024.jpg 683w, https:\/\/iglabyv.com\/wp-content\/uploads\/2024\/07\/sako2-768x1152.jpg 768w, https:\/\/iglabyv.com\/wp-content\/uploads\/2024\/07\/sako2-8x12.jpg 8w, https:\/\/iglabyv.com\/wp-content\/uploads\/2024\/07\/sako2.jpg 800w\" sizes=\"auto, (max-width: 600px) 100vw, 600px\" \/><img loading=\"lazy\" decoding=\"async\" width=\"800\" height=\"1200\" src=\"https:\/\/iglabyv.com\/wp-content\/uploads\/2024\/07\/sako1.jpg\" class=\"hover-gallery-image\" alt=\"veste sans manches C\u00e9line \u2013 allure oversize \u2013 IGLA BY V\" srcset=\"https:\/\/iglabyv.com\/wp-content\/uploads\/2024\/07\/sako1.jpg 800w, https:\/\/iglabyv.com\/wp-content\/uploads\/2024\/07\/sako1-200x300.jpg 200w, https:\/\/iglabyv.com\/wp-content\/uploads\/2024\/07\/sako1-683x1024.jpg 683w, https:\/\/iglabyv.com\/wp-content\/uploads\/2024\/07\/sako1-768x1152.jpg 768w, https:\/\/iglabyv.com\/wp-content\/uploads\/2024\/07\/sako1-8x12.jpg 8w, https:\/\/iglabyv.com\/wp-content\/uploads\/2024\/07\/sako1-600x900.jpg 600w\" sizes=\"auto, (max-width: 800px) 100vw, 800px\" \/><\/a><div class=\"product-meta\"><a href=\"https:\/\/iglabyv.com\/en\/product\/veste-sans-manches-celine\/\"><h2 class=\"woocommerce-loop-product__title\">Structured sleeveless jacket \u2013 women | IGLA BY V<\/h2><\/a><div class=\"price-hover-wrap\">\n\t<span class=\"price\"><span class=\"woocommerce-Price-amount amount\"><bdi>900,00&nbsp;<span class=\"woocommerce-Price-currencySymbol\">&euro;<\/span><\/bdi><\/span><\/span>\n<div class=\"product-add-to-cart\" data-nectar-quickview=\"false\"><a href=\"https:\/\/iglabyv.com\/en\/product\/veste-sans-manches-celine\/\" aria-describedby=\"woocommerce_loop_add_to_cart_link_describedby_162\" data-quantity=\"1\" class=\"button product_type_variable add_to_cart_button\" data-product_id=\"162\" data-product_sku=\"\" aria-label=\"Select options for \u201cVeste sans manches structur\u00e9e - femme | IGLA BY V\u201d\" rel=\"nofollow\" data-no-translation-aria-label=\"\"><i class=\"normal icon-salient-cart\"><\/i><span data-no-translation=\"\" data-trp-gettext=\"\">Select options<\/span><\/a><span id=\"woocommerce_loop_add_to_cart_link_describedby_162\" class=\"screen-reader-text\">\n\tThis product has multiple variants. The options may be chosen on the product page<\/span><\/div>\n\t\t\t\t<\/div>\n\t\t\t<\/div><\/div>\t\t\n\t  \n\n\t\t\n\t\n\n\t\n<\/li>\n\t\t\t\n\t\t\t\t\n\t<li class=\"minimal product type-product post-174 status-publish last instock product_cat-chemises has-post-thumbnail taxable shipping-taxable purchasable product-type-variable\" >\n\n\n\t\n\n\t\t\t\t <div class=\"background-color-expand\"><\/div>\n\t   <div class=\"product-wrap\">\n\t\t\t<a href=\"https:\/\/iglabyv.com\/en\/product\/chemise-a-epaules-denudees-cristina\/\" aria-label=\"Chemise \u00e0 \u00e9paules d\u00e9nud\u00e9es Cristina - En coton | IGLA BY V\"><img loading=\"lazy\" decoding=\"async\" width=\"600\" height=\"900\" src=\"https:\/\/iglabyv.com\/wp-content\/uploads\/2024\/07\/Chemise-2-600x900.jpg\" class=\"attachment-woocommerce_thumbnail size-woocommerce_thumbnail\" alt=\"chemise \u00e0 \u00e9paules d\u00e9nud\u00e9es Cristina en coton \u2013 IGLA BY V\" srcset=\"https:\/\/iglabyv.com\/wp-content\/uploads\/2024\/07\/Chemise-2-600x900.jpg 600w, https:\/\/iglabyv.com\/wp-content\/uploads\/2024\/07\/Chemise-2-200x300.jpg 200w, https:\/\/iglabyv.com\/wp-content\/uploads\/2024\/07\/Chemise-2-683x1024.jpg 683w, https:\/\/iglabyv.com\/wp-content\/uploads\/2024\/07\/Chemise-2-768x1152.jpg 768w, https:\/\/iglabyv.com\/wp-content\/uploads\/2024\/07\/Chemise-2-8x12.jpg 8w, https:\/\/iglabyv.com\/wp-content\/uploads\/2024\/07\/Chemise-2.jpg 800w\" sizes=\"auto, (max-width: 600px) 100vw, 600px\" \/><img loading=\"lazy\" decoding=\"async\" width=\"1024\" height=\"1539\" src=\"https:\/\/iglabyv.com\/wp-content\/uploads\/2024\/07\/DSC_46of109-1.jpg\" class=\"hover-gallery-image\" alt=\"d\u00e9tail chemise Cristina \u2013 confection \u00e0 Paris \u2013 IGLA BY V\" srcset=\"https:\/\/iglabyv.com\/wp-content\/uploads\/2024\/07\/DSC_46of109-1.jpg 1024w, https:\/\/iglabyv.com\/wp-content\/uploads\/2024\/07\/DSC_46of109-1-200x300.jpg 200w, https:\/\/iglabyv.com\/wp-content\/uploads\/2024\/07\/DSC_46of109-1-681x1024.jpg 681w, https:\/\/iglabyv.com\/wp-content\/uploads\/2024\/07\/DSC_46of109-1-768x1154.jpg 768w, https:\/\/iglabyv.com\/wp-content\/uploads\/2024\/07\/DSC_46of109-1-1022x1536.jpg 1022w, https:\/\/iglabyv.com\/wp-content\/uploads\/2024\/07\/DSC_46of109-1-8x12.jpg 8w, https:\/\/iglabyv.com\/wp-content\/uploads\/2024\/07\/DSC_46of109-1-600x902.jpg 600w\" sizes=\"auto, (max-width: 1024px) 100vw, 1024px\" \/><\/a><div class=\"product-meta\"><a href=\"https:\/\/iglabyv.com\/en\/product\/chemise-a-epaules-denudees-cristina\/\"><h2 class=\"woocommerce-loop-product__title\">Cristina Off-the-Shoulder Shirt \u2013 Cotton design | IGLA BY V<\/h2><\/a><div class=\"price-hover-wrap\">\n\t<span class=\"price\"><span class=\"woocommerce-Price-amount amount\"><bdi>690,00&nbsp;<span class=\"woocommerce-Price-currencySymbol\">&euro;<\/span><\/bdi><\/span><\/span>\n<div class=\"product-add-to-cart\" data-nectar-quickview=\"false\"><a href=\"https:\/\/iglabyv.com\/en\/product\/chemise-a-epaules-denudees-cristina\/\" aria-describedby=\"woocommerce_loop_add_to_cart_link_describedby_174\" data-quantity=\"1\" class=\"button product_type_variable add_to_cart_button\" data-product_id=\"174\" data-product_sku=\"\" aria-label=\"Select options for \u201cChemise \u00e0 \u00e9paules d\u00e9nud\u00e9es Cristina - En coton | IGLA BY V\u201d\" rel=\"nofollow\" data-no-translation-aria-label=\"\"><i class=\"normal icon-salient-cart\"><\/i><span data-no-translation=\"\" data-trp-gettext=\"\">Select options<\/span><\/a><span id=\"woocommerce_loop_add_to_cart_link_describedby_174\" class=\"screen-reader-text\">\n\tThis product has multiple variants. The options may be chosen on the product page<\/span><\/div>\n\t\t\t\t<\/div>\n\t\t\t<\/div><\/div>\t\t\n\t  \n\n\t\t\n\t\n\n\t\n<\/li>\n\t\t\t\n\t\t\t\t\n\t<li class=\"minimal product type-product post-199 status-publish first instock product_cat-robes has-post-thumbnail taxable shipping-taxable purchasable product-type-variable\" >\n\n\n\t\n\n\t\t\t\t <div class=\"background-color-expand\"><\/div>\n\t   <div class=\"product-wrap\">\n\t\t\t<a href=\"https:\/\/iglabyv.com\/en\/product\/robe-asymetrique-tara\/\" aria-label=\"Tara Asymmetric Dress | IGLA BY V\"><img loading=\"lazy\" decoding=\"async\" width=\"600\" height=\"900\" src=\"https:\/\/iglabyv.com\/wp-content\/uploads\/2024\/07\/Robe2-600x900.jpg\" class=\"attachment-woocommerce_thumbnail size-woocommerce_thumbnail\" alt=\"robe asym\u00e9trique Tara \u2013 IGLA BY V\" \/><img loading=\"lazy\" decoding=\"async\" width=\"1692\" height=\"2257\" src=\"https:\/\/iglabyv.com\/wp-content\/uploads\/2024\/07\/Robe7.jpg\" class=\"hover-gallery-image\" alt=\"vue dos de la robe asym\u00e9trique Tara \u2013 IGLA BY V\" srcset=\"https:\/\/iglabyv.com\/wp-content\/uploads\/2024\/07\/Robe7.jpg 1692w, https:\/\/iglabyv.com\/wp-content\/uploads\/2024\/07\/Robe7-600x800.jpg 600w, https:\/\/iglabyv.com\/wp-content\/uploads\/2024\/07\/Robe7-225x300.jpg 225w, https:\/\/iglabyv.com\/wp-content\/uploads\/2024\/07\/Robe7-768x1024.jpg 768w, https:\/\/iglabyv.com\/wp-content\/uploads\/2024\/07\/Robe7-1151x1536.jpg 1151w, https:\/\/iglabyv.com\/wp-content\/uploads\/2024\/07\/Robe7-1535x2048.jpg 1535w, https:\/\/iglabyv.com\/wp-content\/uploads\/2024\/07\/Robe7-9x12.jpg 9w\" sizes=\"auto, (max-width: 1692px) 100vw, 1692px\" \/><\/a><div class=\"product-meta\"><a href=\"https:\/\/iglabyv.com\/en\/product\/robe-asymetrique-tara\/\"><h2 class=\"woocommerce-loop-product__title\">Tara Asymmetric Dress | IGLA BY V<\/h2><\/a><div class=\"price-hover-wrap\">\n\t<span class=\"price\"><span class=\"woocommerce-Price-amount amount\"><bdi>900,00&nbsp;<span class=\"woocommerce-Price-currencySymbol\">&euro;<\/span><\/bdi><\/span><\/span>\n<div class=\"product-add-to-cart\" data-nectar-quickview=\"false\"><a href=\"https:\/\/iglabyv.com\/en\/product\/robe-asymetrique-tara\/\" aria-describedby=\"woocommerce_loop_add_to_cart_link_describedby_199\" data-quantity=\"1\" class=\"button product_type_variable add_to_cart_button\" data-product_id=\"199\" data-product_sku=\"\" aria-label=\"Select options for \u201cRobe asym\u00e9trique Tara | IGLA BY V\u201d\" rel=\"nofollow\" data-no-translation-aria-label=\"\"><i class=\"normal icon-salient-cart\"><\/i><span data-no-translation=\"\" data-trp-gettext=\"\">Select options<\/span><\/a><span id=\"woocommerce_loop_add_to_cart_link_describedby_199\" class=\"screen-reader-text\">\n\tThis product has multiple variants. The options may be chosen on the product page<\/span><\/div>\n\t\t\t\t<\/div>\n\t\t\t<\/div><\/div>\t\t\n\t  \n\n\t\t\n\t\n\n\t\n<\/li>\n\t\t\t\n\t\t\t\t\n\t<li class=\"minimal product type-product post-689 status-publish instock product_cat-jupes has-post-thumbnail taxable shipping-taxable purchasable product-type-variable\" >\n\n\n\t\n\n\t\t\t\t <div class=\"background-color-expand\"><\/div>\n\t   <div class=\"product-wrap\">\n\t\t\t<a href=\"https:\/\/iglabyv.com\/en\/product\/la-jupe-donna-jupe-crayon-en-cuir-dagneau\/\" aria-label=\"Jupe crayon Donna - En cuir d\u2019agneau | IGLA BY V\"><img loading=\"lazy\" decoding=\"async\" width=\"600\" height=\"900\" src=\"https:\/\/iglabyv.com\/wp-content\/uploads\/2025\/02\/DSC_101of109-600x900.jpg\" class=\"attachment-woocommerce_thumbnail size-woocommerce_thumbnail\" alt=\"jupe crayon Donna en cuir d\u2019agneau \u2013 IGLA BY V\" srcset=\"https:\/\/iglabyv.com\/wp-content\/uploads\/2025\/02\/DSC_101of109-600x900.jpg 600w, https:\/\/iglabyv.com\/wp-content\/uploads\/2025\/02\/DSC_101of109-200x300.jpg 200w, https:\/\/iglabyv.com\/wp-content\/uploads\/2025\/02\/DSC_101of109-682x1024.jpg 682w, https:\/\/iglabyv.com\/wp-content\/uploads\/2025\/02\/DSC_101of109-8x12.jpg 8w\" sizes=\"auto, (max-width: 600px) 100vw, 600px\" \/><img loading=\"lazy\" decoding=\"async\" width=\"730\" height=\"1099\" src=\"https:\/\/iglabyv.com\/wp-content\/uploads\/2025\/02\/DSC_107of109-1-1-2.jpg\" class=\"hover-gallery-image\" alt=\"vue dos de la jupe crayon Donna \u2013 fermeture zipp\u00e9e \u2013 IGLA BY V\" srcset=\"https:\/\/iglabyv.com\/wp-content\/uploads\/2025\/02\/DSC_107of109-1-1-2.jpg 730w, https:\/\/iglabyv.com\/wp-content\/uploads\/2025\/02\/DSC_107of109-1-1-2-199x300.jpg 199w, https:\/\/iglabyv.com\/wp-content\/uploads\/2025\/02\/DSC_107of109-1-1-2-680x1024.jpg 680w, https:\/\/iglabyv.com\/wp-content\/uploads\/2025\/02\/DSC_107of109-1-1-2-8x12.jpg 8w, https:\/\/iglabyv.com\/wp-content\/uploads\/2025\/02\/DSC_107of109-1-1-2-600x903.jpg 600w\" sizes=\"auto, (max-width: 730px) 100vw, 730px\" \/><\/a><div class=\"product-meta\"><a href=\"https:\/\/iglabyv.com\/en\/product\/la-jupe-donna-jupe-crayon-en-cuir-dagneau\/\"><h2 class=\"woocommerce-loop-product__title\">Donna pencil skirt \u2013 Lamb leather | IGLA BY V<\/h2><\/a><div class=\"price-hover-wrap\">\n\t<span class=\"price\"><span class=\"woocommerce-Price-amount amount\"><bdi>1190,00&nbsp;<span class=\"woocommerce-Price-currencySymbol\">&euro;<\/span><\/bdi><\/span><\/span>\n<div class=\"product-add-to-cart\" data-nectar-quickview=\"false\"><a href=\"https:\/\/iglabyv.com\/en\/product\/la-jupe-donna-jupe-crayon-en-cuir-dagneau\/\" aria-describedby=\"woocommerce_loop_add_to_cart_link_describedby_689\" data-quantity=\"1\" class=\"button product_type_variable add_to_cart_button\" data-product_id=\"689\" data-product_sku=\"\" aria-label=\"Select options for \u201cJupe crayon Donna - En cuir d\u2019agneau | IGLA BY V\u201d\" rel=\"nofollow\" data-no-translation-aria-label=\"\"><i class=\"normal icon-salient-cart\"><\/i><span data-no-translation=\"\" data-trp-gettext=\"\">Select options<\/span><\/a><span id=\"woocommerce_loop_add_to_cart_link_describedby_689\" class=\"screen-reader-text\">\n\tThis product has multiple variants. The options may be chosen on the product page<\/span><\/div>\n\t\t\t\t<\/div>\n\t\t\t<\/div><\/div>\t\t\n\t  \n\n\t\t\n\t\n\n\t\n<\/li>\n\t\t\t\n\t\t\t\t\n\t<li class=\"minimal product type-product post-187 status-publish instock product_cat-jupes has-post-thumbnail taxable shipping-taxable purchasable product-type-variable\" >\n\n\n\t\n\n\t\t\t\t <div class=\"background-color-expand\"><\/div>\n\t   <div class=\"product-wrap\">\n\t\t\t<a href=\"https:\/\/iglabyv.com\/en\/product\/jupe-crayon-viola\/\" aria-label=\"Jupe crayon Viola - En cuir de cerf | IGLA BY V\"><img loading=\"lazy\" decoding=\"async\" width=\"600\" height=\"900\" src=\"https:\/\/iglabyv.com\/wp-content\/uploads\/2024\/07\/Jupe-cerf-600x900.jpg\" class=\"attachment-woocommerce_thumbnail size-woocommerce_thumbnail\" alt=\"jupe crayon Viola en cuir de cerf \u2013 IGLA BY V\" srcset=\"https:\/\/iglabyv.com\/wp-content\/uploads\/2024\/07\/Jupe-cerf-600x900.jpg 600w, https:\/\/iglabyv.com\/wp-content\/uploads\/2024\/07\/Jupe-cerf-200x300.jpg 200w, https:\/\/iglabyv.com\/wp-content\/uploads\/2024\/07\/Jupe-cerf-683x1024.jpg 683w, https:\/\/iglabyv.com\/wp-content\/uploads\/2024\/07\/Jupe-cerf-768x1152.jpg 768w, https:\/\/iglabyv.com\/wp-content\/uploads\/2024\/07\/Jupe-cerf-8x12.jpg 8w, https:\/\/iglabyv.com\/wp-content\/uploads\/2024\/07\/Jupe-cerf.jpg 800w\" sizes=\"auto, (max-width: 600px) 100vw, 600px\" \/><img loading=\"lazy\" decoding=\"async\" width=\"800\" height=\"1200\" src=\"https:\/\/iglabyv.com\/wp-content\/uploads\/2024\/07\/Jupe-cerf-new.jpg\" class=\"hover-gallery-image\" alt=\"vue dos de la jupe crayon Viola \u2013 fermeture zipp\u00e9e \u2013 IGLA BY V\" srcset=\"https:\/\/iglabyv.com\/wp-content\/uploads\/2024\/07\/Jupe-cerf-new.jpg 800w, https:\/\/iglabyv.com\/wp-content\/uploads\/2024\/07\/Jupe-cerf-new-200x300.jpg 200w, https:\/\/iglabyv.com\/wp-content\/uploads\/2024\/07\/Jupe-cerf-new-683x1024.jpg 683w, https:\/\/iglabyv.com\/wp-content\/uploads\/2024\/07\/Jupe-cerf-new-768x1152.jpg 768w, https:\/\/iglabyv.com\/wp-content\/uploads\/2024\/07\/Jupe-cerf-new-8x12.jpg 8w, https:\/\/iglabyv.com\/wp-content\/uploads\/2024\/07\/Jupe-cerf-new-600x900.jpg 600w\" sizes=\"auto, (max-width: 800px) 100vw, 800px\" \/><\/a><div class=\"product-meta\"><a href=\"https:\/\/iglabyv.com\/en\/product\/jupe-crayon-viola\/\"><h2 class=\"woocommerce-loop-product__title\">Viola Pencil Skirt \u2013 Deer leather | IGLA BY V<\/h2><\/a><div class=\"price-hover-wrap\">\n\t<span class=\"price\"><span class=\"woocommerce-Price-amount amount\"><bdi>1490,00&nbsp;<span class=\"woocommerce-Price-currencySymbol\">&euro;<\/span><\/bdi><\/span><\/span>\n<div class=\"product-add-to-cart\" data-nectar-quickview=\"false\"><a href=\"https:\/\/iglabyv.com\/en\/product\/jupe-crayon-viola\/\" aria-describedby=\"woocommerce_loop_add_to_cart_link_describedby_187\" data-quantity=\"1\" class=\"button product_type_variable add_to_cart_button\" data-product_id=\"187\" data-product_sku=\"\" aria-label=\"Select options for \u201cJupe crayon Viola - En cuir de cerf | IGLA BY V\u201d\" rel=\"nofollow\" data-no-translation-aria-label=\"\"><i class=\"normal icon-salient-cart\"><\/i><span data-no-translation=\"\" data-trp-gettext=\"\">Select options<\/span><\/a><span id=\"woocommerce_loop_add_to_cart_link_describedby_187\" class=\"screen-reader-text\">\n\tThis product has multiple variants. The options may be chosen on the product page<\/span><\/div>\n\t\t\t\t<\/div>\n\t\t\t<\/div><\/div>\t\t\n\t  \n\n\t\t\n\t\n\n\t\n<\/li>\n\t\t\t\n\t\t<\/ul>\n\n\t\t\n\t<\/div>\n\t\t\t<\/div> \n\t\t<\/div>\n\t<\/div> \n<\/div><\/div>","protected":false},"excerpt":{"rendered":"*Calculs de l\u2019impact environnemental r\u00e9alis\u00e9s avec la m\u00e9thode des stocks dormants qui ne prend pas en compte les impacts des \u00e9tapes mati\u00e8re, filature, tissage et ennoblissement. D\u00e9tails + Con\u00e7ue pour...","protected":false},"author":2,"featured_media":0,"parent":0,"menu_order":0,"comment_status":"closed","ping_status":"closed","template":"","meta":{"om_disable_all_campaigns":false,"_uf_show_specific_survey":0,"_uf_disable_surveys":false,"footnotes":""},"class_list":["post-539","page","type-page","status-publish"],"aioseo_notices":[],"_links":{"self":[{"href":"https:\/\/iglabyv.com\/en\/wp-json\/wp\/v2\/pages\/539","targetHints":{"allow":["GET"]}}],"collection":[{"href":"https:\/\/iglabyv.com\/en\/wp-json\/wp\/v2\/pages"}],"about":[{"href":"https:\/\/iglabyv.com\/en\/wp-json\/wp\/v2\/types\/page"}],"author":[{"embeddable":true,"href":"https:\/\/iglabyv.com\/en\/wp-json\/wp\/v2\/users\/2"}],"replies":[{"embeddable":true,"href":"https:\/\/iglabyv.com\/en\/wp-json\/wp\/v2\/comments?post=539"}],"version-history":[{"count":10,"href":"https:\/\/iglabyv.com\/en\/wp-json\/wp\/v2\/pages\/539\/revisions"}],"predecessor-version":[{"id":824,"href":"https:\/\/iglabyv.com\/en\/wp-json\/wp\/v2\/pages\/539\/revisions\/824"}],"wp:attachment":[{"href":"https:\/\/iglabyv.com\/en\/wp-json\/wp\/v2\/media?parent=539"}],"curies":[{"name":"wp","href":"https:\/\/api.w.org\/{rel}","templated":true}]}}