{"id":50,"date":"2024-05-13T09:27:46","date_gmt":"2024-05-13T07:27:46","guid":{"rendered":"https:\/\/iglabyv.com\/?page_id=50"},"modified":"2026-02-06T10:53:37","modified_gmt":"2026-02-06T09:53:37","slug":"la-marque","status":"publish","type":"page","link":"https:\/\/iglabyv.com\/en\/la-marque\/","title":{"rendered":"About Brand"},"content":{"rendered":"<div id=\"fws_69e343e14511f\"  data-column-margin=\"default\" data-midnight=\"light\"  class=\"wpb_row vc_row-fluid vc_row full-width-content vc_row-o-full-height vc_row-o-columns-bottom vc_row-o-equal-height vc_row-flex vc_row-o-content-middle parallax_section\"  style=\"padding-top: 0px; padding-bottom: 0px; \"><div class=\"row-bg-wrap\" data-bg-animation=\"zoom-out-slow\" data-bg-animation-delay=\"\" data-bg-overlay=\"false\"><div class=\"inner-wrap row-bg-layer using-image\" ><div class=\"row-bg viewport-desktop using-image\" data-parallax-speed=\"fixed\" style=\"background-image: url(https:\/\/iglabyv.com\/wp-content\/uploads\/2024\/07\/la-new-hero.jpg); background-position: center bottom; background-repeat: no-repeat; \"><\/div><\/div><div class=\"row-bg-overlay row-bg-layer\" style=\"background:linear-gradient(0deg, rgb(2,2,2) 12%, rgba(243,243,243,0) 34%);\"><\/div><\/div><div class=\"row_col_wrap_12 col span_12 light left\">\n\t<div  class=\"vc_col-sm-1 wpb_column column_container vc_column_container col no-extra-padding inherit_tablet inherit_phone\"  data-padding-pos=\"all\" data-has-bg-color=\"false\" data-bg-color=\"\" data-bg-opacity=\"1\" data-animation=\"\" data-delay=\"0\" >\n\t\t<div class=\"vc_column-inner\" >\n\t\t\t<div class=\"wpb_wrapper\">\n\t\t\t\t\n\t\t\t<\/div> \n\t\t<\/div>\n\t<\/div> \n\n\t<div  class=\"vc_col-sm-10 wpb_column column_container vc_column_container col no-extra-padding force-desktop-text-align-center padding-2-percent_tablet padding-5-percent_phone\"  data-padding-pos=\"left-right\" data-has-bg-color=\"false\" data-bg-color=\"\" data-bg-opacity=\"1\" data-animation=\"\" data-delay=\"0\" >\n\t\t<div class=\"vc_column-inner\" >\n\t\t\t<div class=\"wpb_wrapper\">\n\t\t\t\t\n<div class=\"wpb_text_column wpb_content_element  wpb_animate_when_almost_visible wpb_fadeInUp fadeInUp\" >\n\t<div class=\"wpb_wrapper\">\n\t\t<h5>IGLA BY V<\/h5>\n\t<\/div>\n<\/div>\n\n\n\n\n<div class=\"wpb_text_column wpb_content_element  wpb_animate_when_almost_visible wpb_fadeInUp fadeInUp\" >\n\t<div class=\"wpb_wrapper\">\n\t\t<h1>LA MAISON<\/h1>\n\t<\/div>\n<\/div>\n\n\n\n<div id=\"fws_69e343e145cb4\" data-midnight=\"\" data-column-margin=\"default\" class=\"wpb_row vc_row-fluid vc_row inner_row\"  style=\"\"><div class=\"row-bg-wrap\"> <div class=\"row-bg\" ><\/div> <\/div><div class=\"row_col_wrap_12_inner col span_12  left\">\n\t<div style=\"margin-top: 2%; \" class=\"vc_col-sm-12 wpb_column column_container vc_column_container col child_column no-extra-padding inherit_tablet inherit_phone\"   data-padding-pos=\"all\" data-has-bg-color=\"false\" data-bg-color=\"\" data-bg-opacity=\"1\" data-animation=\"\" data-delay=\"0\" >\n\t\t<div class=\"vc_column-inner\" >\n\t\t<div class=\"wpb_wrapper\">\n\t\t\t<div class=\"nectar-next-section-wrap down-arrow-bordered alignment_tablet_default alignment_phone_default display_tablet_inherit display_phone_inherit\"  data-shad=\"none\" data-align=\"left\" data-custom-color=\"false\"><div class=\"inner\" ><a href=\"#\" class=\"nectar-next-section skip-hash\"><span class=\"screen-reader-text\">Navigate to the next section<\/span><i class=\"fa fa-angle-down top\"><\/i><i class=\"fa fa-angle-down\"><\/i><\/a><\/div><\/div>\n\t\t<\/div> \n\t<\/div>\n\t<\/div> \n<\/div><\/div>\n\t\t\t<\/div> \n\t\t<\/div>\n\t<\/div> \n\n\t<div style=\"margin-bottom: 5%; \" class=\"vc_col-sm-1 vc_hidden-sm vc_hidden-xs wpb_column column_container vc_column_container col has-animation no-extra-padding force-desktop-text-align-right inherit_tablet inherit_phone\"  data-padding-pos=\"all\" data-has-bg-color=\"false\" data-bg-color=\"\" data-bg-opacity=\"1\" data-animation=\"fade-in-from-right\" data-delay=\"450\" >\n\t\t<div class=\"vc_column-inner\" >\n\t\t\t<div class=\"wpb_wrapper\">\n\t\t\t\t\n<div class=\"wpb_text_column wpb_content_element  verticledark\" >\n\t<div class=\"wpb_wrapper\">\n\t\t<h6><a href=\"https:\/\/www.instagram.com\/igla_by_v\/\" target=\"_blank\" rel=\"noopener\"><i class=\"icon-tiny fa fa-instagram extra-color-1\"><\/i>\u00a0 <span style=\"color: #ffffff;\">INSTAGRAM<\/span><\/a><\/h6>\n\t<\/div>\n<\/div>\n\n\n\n\n\t\t\t<\/div> \n\t\t<\/div>\n\t<\/div> \n<\/div><\/div>\n\t\t<div id=\"fws_69e343e146922\"  data-column-margin=\"default\" data-midnight=\"light\" data-bottom-percent=\"6%\"  class=\"wpb_row vc_row-fluid vc_row full-width-section vc_row-o-equal-height vc_row-flex vc_row-o-content-middle  zindex-set right_padding_tablet_0pct right_padding_phone_0pct left_padding_tablet_0pct left_padding_phone_0pct\"  style=\"padding-top: 0px; padding-bottom: calc(100vw * 0.06);  z-index: 123;\"><div class=\"row-bg-wrap\" data-bg-animation=\"none\" data-bg-animation-delay=\"\" data-bg-overlay=\"false\"><div class=\"inner-wrap row-bg-layer\" ><div class=\"row-bg viewport-desktop using-bg-color\"  style=\"background-color: #020202; \"><\/div><\/div><\/div><div class=\"row_col_wrap_12 col span_12 light left\">\n\t<div  class=\"vc_col-sm-6 wpb_column column_container vc_column_container col no-extra-padding inherit_tablet inherit_phone\"  data-padding-pos=\"all\" data-has-bg-color=\"false\" data-bg-color=\"\" data-bg-opacity=\"1\" data-animation=\"\" data-delay=\"0\" >\n\t\t<div class=\"vc_column-inner\" >\n\t\t\t<div class=\"wpb_wrapper\">\n\t\t\t\t<div class=\"img-with-aniamtion-wrap\" data-max-width=\"100%\" data-max-width-mobile=\"default\" data-shadow=\"none\" data-animation=\"none\" >\n      <div class=\"inner\">\n        <div class=\"hover-wrap\"> \n          <div class=\"hover-wrap-inner\">\n            <a href=\"#\" target=\"_self\" class=\"\">\n              <img loading=\"lazy\" decoding=\"async\" class=\"img-with-animation gray skip-lazy\" data-delay=\"0\" height=\"2560\" width=\"1828\" data-animation=\"none\" src=\"https:\/\/iglabyv.com\/wp-content\/uploads\/2024\/05\/DSC_-19-of-21-copy-scaled.jpg\" alt=\"veste courte Zo\u00e9 en laine et mohair \u2013 IGLA by V\" srcset=\"https:\/\/iglabyv.com\/wp-content\/uploads\/2024\/05\/DSC_-19-of-21-copy-scaled.jpg 1828w, https:\/\/iglabyv.com\/wp-content\/uploads\/2024\/05\/DSC_-19-of-21-copy-214x300.jpg 214w, https:\/\/iglabyv.com\/wp-content\/uploads\/2024\/05\/DSC_-19-of-21-copy-731x1024.jpg 731w, https:\/\/iglabyv.com\/wp-content\/uploads\/2024\/05\/DSC_-19-of-21-copy-768x1075.jpg 768w, https:\/\/iglabyv.com\/wp-content\/uploads\/2024\/05\/DSC_-19-of-21-copy-1097x1536.jpg 1097w, https:\/\/iglabyv.com\/wp-content\/uploads\/2024\/05\/DSC_-19-of-21-copy-1463x2048.jpg 1463w, https:\/\/iglabyv.com\/wp-content\/uploads\/2024\/05\/DSC_-19-of-21-copy-9x12.jpg 9w, https:\/\/iglabyv.com\/wp-content\/uploads\/2024\/05\/DSC_-19-of-21-copy-600x840.jpg 600w\" sizes=\"auto, (max-width: 1828px) 100vw, 1828px\" \/>\n            <\/a>\n          <\/div>\n        <\/div>\n      <\/div>\n      <\/div>\n\t\t\t<\/div> \n\t\t<\/div>\n\t<\/div> \n\n\t<div  class=\"vc_col-sm-6 wpb_column column_container vc_column_container col force-tablet-text-align-center force-phone-text-align-center left_padding_desktop_10pct left_padding_tablet_7pct top_padding_tablet_18pct right_padding_desktop_10pct right_padding_tablet_7pct\"  data-padding-pos=\"all\" data-has-bg-color=\"false\" data-bg-color=\"\" data-bg-opacity=\"1\" data-animation=\"\" data-delay=\"0\" >\n\t\t<div class=\"vc_column-inner\" >\n\t\t\t<div class=\"wpb_wrapper\">\n\t\t\t\t\n<div class=\"wpb_text_column wpb_content_element  vc_custom_1761819916030\" >\n\t<div class=\"wpb_wrapper\">\n\t\t<h5>La maison<\/h5>\n<h2>IGLA BY V<\/h2>\n\t<\/div>\n<\/div>\n\n\n\n\n<div class=\"wpb_text_column wpb_content_element\" >\n\t<div class=\"wpb_wrapper\">\n\t\t<p style=\"text-align: left;\"><strong>The essence of a timeless wardrobe<\/strong><\/p>\n<p style=\"text-align: left;\">In a world in constant motion, IGLA BY V stands out with a clear vision: to reinvent women's wardrobes through rare, timeless, and unique pieces.<\/p>\n<p style=\"text-align: left;\">Founded in 2024 by Veronika Raycheva, after thirteen years in finance, La Maison was born out of a sincere need: to create the clothes she wants to wear - pieces that accompany her, that last, and that tell a story.<\/p>\n\t<\/div>\n<\/div>\n\n\n\n\n\t\t\t<\/div> \n\t\t<\/div>\n\t<\/div> \n<\/div><\/div>\n\t\t<div id=\"fws_69e343e1476b6\"  data-column-margin=\"default\" data-midnight=\"light\"  class=\"wpb_row vc_row-fluid vc_row full-width-section\"  style=\"padding-top: 0px; padding-bottom: 0px; \"><div class=\"row-bg-wrap\" data-bg-animation=\"none\" data-bg-animation-delay=\"\" data-bg-overlay=\"false\"><div class=\"inner-wrap row-bg-layer\" ><div class=\"row-bg viewport-desktop using-bg-color\"  style=\"background-color: #020202; \"><\/div><\/div><\/div><div class=\"row_col_wrap_12 col span_12 light left\">\n\t<div  class=\"vc_col-sm-12 wpb_column column_container vc_column_container col no-extra-padding force-desktop-text-align-right force-tablet-text-align-center force-phone-text-align-center inherit_tablet inherit_phone\"  data-padding-pos=\"all\" data-has-bg-color=\"false\" data-bg-color=\"\" data-bg-opacity=\"1\" data-animation=\"\" data-delay=\"0\" >\n\t\t<div class=\"vc_column-inner\" >\n\t\t\t<div class=\"wpb_wrapper\">\n\t\t\t\t\n<div class=\"wpb_text_column wpb_content_element  vc_custom_1761653829939\" >\n\t<div class=\"wpb_wrapper\">\n\t\t\t<\/div>\n<\/div>\n\n\n\n\n<div class=\"wpb_text_column wpb_content_element\" >\n\t<div class=\"wpb_wrapper\">\n\t\t<p class=\"p1\" style=\"text-align: left;\">Each IGLA BY V creation expresses timeless minimalism, confident style, and a quest for discreet excellence.<\/p>\n<p class=\"p1\" style=\"text-align: left;\">The collection, made in Paris and distinguished by the Made in Paris 2025\u20132026 label, is crafted from exceptional materials sourced from the deadstock of major luxury fashion houses.<\/p>\n<p class=\"p1\" style=\"text-align: left;\">This choice expresses a harmony between aesthetics and consciousness, where creation draws its strength from what already exists to reveal something new.<\/p>\n<p class=\"p1\" style=\"text-align: left;\">IGLA BY V rejette la saisonnalit\u00e9 \u00e9ph\u00e9m\u00e8re pour proposer une collection permanente et exclusive, compos\u00e9e de pi\u00e8ces uniques en \u00e9dition limit\u00e9e.<\/p>\n<p class=\"p1\" style=\"text-align: left;\">This discreet wardrobe is designed to last, evolve with the wearer, and stand the test of time without going out of style.<\/p>\n<p class=\"p1\" style=\"text-align: left;\">Explore the IGLA BY V store: <a href=\"https:\/\/iglabyv.com\/en\/shop-boutique\/\">https:\/\/iglabyv.com\/en\/shop-boutique\/<\/a><\/p>\n\t<\/div>\n<\/div>\n\n\n\n\n\t\t\t<\/div> \n\t\t<\/div>\n\t<\/div> \n<\/div><\/div>\n\t\t<div id=\"fws_69e343e147c00\"  data-column-margin=\"default\" data-midnight=\"light\" data-top-percent=\"6%\" data-bottom-percent=\"6%\"  class=\"wpb_row vc_row-fluid vc_row full-width-section vc_row-o-equal-height vc_row-flex vc_row-o-content-middle  zindex-set reverse_columns_column_tablet reverse_columns_column_phone right_padding_tablet_0pct right_padding_phone_0pct left_padding_tablet_0pct left_padding_phone_0pct\"  style=\"padding-top: calc(100vw * 0.06); padding-bottom: calc(100vw * 0.06);  z-index: 123;\"><div class=\"row-bg-wrap\" data-bg-animation=\"none\" data-bg-animation-delay=\"\" data-bg-overlay=\"false\"><div class=\"inner-wrap row-bg-layer\" ><div class=\"row-bg viewport-desktop using-bg-color\"  style=\"background-color: #020202; \"><\/div><\/div><\/div><div class=\"row_col_wrap_12 col span_12 light left\">\n\t<div  class=\"vc_col-sm-6 wpb_column column_container vc_column_container col force-tablet-text-align-center force-phone-text-align-center left_padding_desktop_10pct left_padding_tablet_7pct top_padding_tablet_18pct right_padding_desktop_10pct right_padding_tablet_7pct\"  data-padding-pos=\"all\" data-has-bg-color=\"false\" data-bg-color=\"\" data-bg-opacity=\"1\" data-animation=\"\" data-delay=\"0\" >\n\t\t<div class=\"vc_column-inner\" >\n\t\t\t<div class=\"wpb_wrapper\">\n\t\t\t\t\n<div class=\"wpb_text_column wpb_content_element  vc_custom_1761653839914\" >\n\t<div class=\"wpb_wrapper\">\n\t\t\t<\/div>\n<\/div>\n\n\n\n\n<div class=\"wpb_text_column wpb_content_element\" >\n\t<div class=\"wpb_wrapper\">\n\t\t<p style=\"text-align: left;\">Nothing is left to chance.<\/p>\n<p style=\"text-align: left;\">From fine fabrics selected from Nona Source, Adapta, and Fabric House to buttons crafted in France by Buttons Paradise, every detail reflects a philosophy: choose less, but choose better; love what you wear and take care of it.<\/p>\n<p style=\"text-align: left;\">Through IGLA BY V, Veronika conveys a simple and sincere vision of fashion: wear with meaning, respect what you love, and bring beauty to life over time.<\/p>\n\t<\/div>\n<\/div>\n\n\n\n\n\t\t\t<\/div> \n\t\t<\/div>\n\t<\/div> \n\n\t<div  class=\"vc_col-sm-6 wpb_column column_container vc_column_container col no-extra-padding inherit_tablet inherit_phone\"  data-padding-pos=\"all\" data-has-bg-color=\"false\" data-bg-color=\"\" data-bg-opacity=\"1\" data-animation=\"\" data-delay=\"0\" >\n\t\t<div class=\"vc_column-inner\" >\n\t\t\t<div class=\"wpb_wrapper\">\n\t\t\t\t<div class=\"img-with-aniamtion-wrap\" data-max-width=\"100%\" data-max-width-mobile=\"default\" data-shadow=\"none\" data-animation=\"none\" >\n      <div class=\"inner\">\n        <div class=\"hover-wrap\"> \n          <div class=\"hover-wrap-inner\">\n            <a href=\"#\" target=\"_self\" class=\"\">\n              <img loading=\"lazy\" decoding=\"async\" class=\"img-with-animation gray skip-lazy\" data-delay=\"0\" height=\"2560\" width=\"1707\" data-animation=\"none\" src=\"https:\/\/iglabyv.com\/wp-content\/uploads\/2025\/08\/FIL07385-scaled.jpg\" alt=\"Pantalon taille haute Ava &amp; Veste courte Zo\u00e9\" srcset=\"https:\/\/iglabyv.com\/wp-content\/uploads\/2025\/08\/FIL07385-scaled.jpg 1707w, https:\/\/iglabyv.com\/wp-content\/uploads\/2025\/08\/FIL07385-200x300.jpg 200w, https:\/\/iglabyv.com\/wp-content\/uploads\/2025\/08\/FIL07385-683x1024.jpg 683w, https:\/\/iglabyv.com\/wp-content\/uploads\/2025\/08\/FIL07385-768x1152.jpg 768w, https:\/\/iglabyv.com\/wp-content\/uploads\/2025\/08\/FIL07385-1024x1536.jpg 1024w\" sizes=\"auto, (max-width: 1707px) 100vw, 1707px\" \/>\n            <\/a>\n          <\/div>\n        <\/div>\n      <\/div>\n      <\/div>\n\t\t\t<\/div> \n\t\t<\/div>\n\t<\/div> \n<\/div><\/div>","protected":false},"excerpt":{"rendered":"IGLA BY V LA MAISON Navigate to the next section \u00a0 INSTAGRAM La maison IGLA BY V L\u2019essence d\u2019un vestiaire intemporel Dans un monde en mouvement constant, IGLA BY V...","protected":false},"author":2,"featured_media":0,"parent":0,"menu_order":0,"comment_status":"closed","ping_status":"closed","template":"","meta":{"om_disable_all_campaigns":false,"_uf_show_specific_survey":0,"_uf_disable_surveys":false,"footnotes":""},"class_list":["post-50","page","type-page","status-publish"],"aioseo_notices":[],"_links":{"self":[{"href":"https:\/\/iglabyv.com\/en\/wp-json\/wp\/v2\/pages\/50","targetHints":{"allow":["GET"]}}],"collection":[{"href":"https:\/\/iglabyv.com\/en\/wp-json\/wp\/v2\/pages"}],"about":[{"href":"https:\/\/iglabyv.com\/en\/wp-json\/wp\/v2\/types\/page"}],"author":[{"embeddable":true,"href":"https:\/\/iglabyv.com\/en\/wp-json\/wp\/v2\/users\/2"}],"replies":[{"embeddable":true,"href":"https:\/\/iglabyv.com\/en\/wp-json\/wp\/v2\/comments?post=50"}],"version-history":[{"count":51,"href":"https:\/\/iglabyv.com\/en\/wp-json\/wp\/v2\/pages\/50\/revisions"}],"predecessor-version":[{"id":986,"href":"https:\/\/iglabyv.com\/en\/wp-json\/wp\/v2\/pages\/50\/revisions\/986"}],"wp:attachment":[{"href":"https:\/\/iglabyv.com\/en\/wp-json\/wp\/v2\/media?parent=50"}],"curies":[{"name":"wp","href":"https:\/\/api.w.org\/{rel}","templated":true}]}}