{"id":43,"date":"2024-09-06T12:03:50","date_gmt":"2024-09-06T10:03:50","guid":{"rendered":"http:\/\/iglabyv.com\/index.php\/cart\/"},"modified":"2025-11-06T18:08:21","modified_gmt":"2025-11-06T17:08:21","slug":"chariot","status":"publish","type":"page","link":"https:\/\/iglabyv.com\/en\/chariot\/","title":{"rendered":"Chariot"},"content":{"rendered":"<div id=\"fws_69e343a3ea606\"  data-column-margin=\"default\" data-midnight=\"dark\" data-top-percent=\"6%\"  class=\"wpb_row vc_row-fluid vc_row\"  style=\"padding-top: calc(100vw * 0.06); padding-bottom: 0px; \"><div class=\"row-bg-wrap\" data-bg-animation=\"none\" data-bg-animation-delay=\"\" data-bg-overlay=\"false\"><div class=\"inner-wrap row-bg-layer\" ><div class=\"row-bg viewport-desktop\"  style=\"\"><\/div><\/div><\/div><div class=\"row_col_wrap_12 col span_12 dark left\">\n\t<div  class=\"vc_col-sm-12 wpb_column column_container vc_column_container col no-extra-padding inherit_tablet inherit_phone\"  data-padding-pos=\"all\" data-has-bg-color=\"false\" data-bg-color=\"\" data-bg-opacity=\"1\" data-animation=\"\" data-delay=\"0\" >\n\t\t<div class=\"vc_column-inner\" >\n\t\t\t<div class=\"wpb_wrapper\">\n\t\t\t\t\n<div class=\"wpb_text_column wpb_content_element\" >\n\t<div class=\"wpb_wrapper\">\n\t\t<div class=\"wp-block-woocommerce-cart alignwide is-loading\">\n<div data-block-name=\"woocommerce\/filled-cart-block\" class=\"wp-block-woocommerce-filled-cart-block\">\n<div data-block-name=\"woocommerce\/cart-items-block\" class=\"wp-block-woocommerce-cart-items-block\">\n<div data-block-name=\"woocommerce\/cart-line-items-block\" class=\"wp-block-woocommerce-cart-line-items-block\">\u00a0<\/div>\n<div data-block-name=\"woocommerce\/cart-cross-sells-block\" class=\"wp-block-woocommerce-cart-cross-sells-block\">\n<h2 class=\"wp-block-heading has-large-font-size\">You may be interested in\u2026<\/h2>\n<div data-block-name=\"woocommerce\/cart-cross-sells-products-block\" class=\"wp-block-woocommerce-cart-cross-sells-products-block\">\u00a0<\/div>\n<\/div>\n<\/div>\n<div data-block-name=\"woocommerce\/cart-totals-block\" class=\"wp-block-woocommerce-cart-totals-block\">\n<div data-block-name=\"woocommerce\/cart-order-summary-block\" class=\"wp-block-woocommerce-cart-order-summary-block\">\n<div data-block-name=\"woocommerce\/cart-order-summary-heading-block\" class=\"wp-block-woocommerce-cart-order-summary-heading-block\">\u00a0<\/div>\n<div data-block-name=\"woocommerce\/cart-order-summary-coupon-form-block\" class=\"wp-block-woocommerce-cart-order-summary-coupon-form-block\">\u00a0<\/div>\n<div data-block-name=\"woocommerce\/cart-order-summary-totals-block\" class=\"wp-block-woocommerce-cart-order-summary-totals-block\">\n<div data-block-name=\"woocommerce\/cart-order-summary-subtotal-block\" class=\"wp-block-woocommerce-cart-order-summary-subtotal-block\">\u00a0<\/div>\n<div data-block-name=\"woocommerce\/cart-order-summary-discount-block\" class=\"wp-block-woocommerce-cart-order-summary-discount-block\">\u00a0<\/div>\n<div data-block-name=\"woocommerce\/cart-order-summary-fee-block\" class=\"wp-block-woocommerce-cart-order-summary-fee-block\">\u00a0<\/div>\n<div data-block-name=\"woocommerce\/cart-order-summary-shipping-block\" class=\"wp-block-woocommerce-cart-order-summary-shipping-block\">\u00a0<\/div>\n<div data-block-name=\"woocommerce\/cart-order-summary-taxes-block\" class=\"wp-block-woocommerce-cart-order-summary-taxes-block\">\u00a0<\/div>\n<\/div>\n<\/div>\n<div data-block-name=\"woocommerce\/cart-express-payment-block\" class=\"wp-block-woocommerce-cart-express-payment-block\">\u00a0<\/div>\n<div data-block-name=\"woocommerce\/proceed-to-checkout-block\" class=\"wp-block-woocommerce-proceed-to-checkout-block\">\u00a0<\/div>\n<div data-block-name=\"woocommerce\/cart-accepted-payment-methods-block\" class=\"wp-block-woocommerce-cart-accepted-payment-methods-block\">\u00a0<\/div>\n<\/div>\n<\/div>\n<div data-block-name=\"woocommerce\/empty-cart-block\" class=\"wp-block-woocommerce-empty-cart-block\">\n<h2 class=\"wp-block-heading has-text-align-center with-empty-cart-icon wc-block-cart__empty-cart__title\">Your cart is currently empty!<\/h2>\n<hr class=\"wp-block-separator has-alpha-channel-opacity is-style-dots\" \/>\n<h2 class=\"wp-block-heading has-text-align-center\">New in store<\/h2>\n<div data-block-name=\"woocommerce\/product-new\" data-columns=\"4\" data-rows=\"1\" class=\"wc-block-grid wp-block-product-new wc-block-product-new has-4-columns\">\n<ul class=\"wc-block-grid__products\">\n<li class=\"wc-block-grid__product\">\n\t\t\t\t<a href=\"https:\/\/iglabyv.com\/en\/product\/la-jupe-donna-jupe-crayon-en-cuir-dagneau\/\" class=\"wc-block-grid__product-link\"><\/p>\n<div class=\"wc-block-grid__product-onsale\">\n\t\t\t<span aria-hidden=\"true\" data-no-translation=\"\" data-trp-gettext=\"\">Sale<\/span><br \/>\n\t\t\t<span class=\"screen-reader-text\" data-no-translation=\"\" data-trp-gettext=\"\">Product on sale<\/span>\n\t\t<\/div>\n<div class=\"wc-block-grid__product-image\"><img loading=\"lazy\" decoding=\"async\" width=\"600\" height=\"900\" src=\"https:\/\/iglabyv.com\/wp-content\/uploads\/2025\/02\/DSC_101of109-600x900.jpg\" class=\"attachment-woocommerce_thumbnail size-woocommerce_thumbnail\" alt=\"jupe crayon Donna en cuir d\u2019agneau \u2013 IGLA BY V\" srcset=\"https:\/\/iglabyv.com\/wp-content\/uploads\/2025\/02\/DSC_101of109-600x900.jpg 600w, https:\/\/iglabyv.com\/wp-content\/uploads\/2025\/02\/DSC_101of109-200x300.jpg 200w, https:\/\/iglabyv.com\/wp-content\/uploads\/2025\/02\/DSC_101of109-682x1024.jpg 682w, https:\/\/iglabyv.com\/wp-content\/uploads\/2025\/02\/DSC_101of109-8x12.jpg 8w\" sizes=\"auto, (max-width: 600px) 100vw, 600px\" \/><\/div>\n<div class=\"wc-block-grid__product-title\">Women's high-waisted lambskin pencil skirt | IGLA BY V<\/div>\n<p>\t\t\t\t<\/a><\/p>\n<div class=\"wc-block-grid__product-price price\"><del aria-hidden=\"true\"><span class=\"woocommerce-Price-amount amount\">1190,00&nbsp;<span class=\"woocommerce-Price-currencySymbol\">&euro;<\/span><\/span><\/del> <span class=\"screen-reader-text\" data-no-translation=\"\" data-trp-gettext=\"\">Original price was: 1190,00&nbsp;&euro;.<\/span><ins aria-hidden=\"true\"><span class=\"woocommerce-Price-amount amount\">950,00&nbsp;<span class=\"woocommerce-Price-currencySymbol\">&euro;<\/span><\/span><\/ins><span class=\"screen-reader-text\" data-no-translation=\"\" data-trp-gettext=\"\">Current price is: 950,00&nbsp;&euro;.<\/span><\/div>\n<div class=\"wp-block-button wc-block-grid__product-add-to-cart\"><a href=\"https:\/\/iglabyv.com\/en\/product\/la-jupe-donna-jupe-crayon-en-cuir-dagneau\/\" aria-label=\"Select options for \u201cJupe crayon en cuir d\u2019agneau femme \u2013 taille haute | IGLA BY V\u201d\" data-quantity=\"1\" data-product_id=\"689\" data-product_sku=\"\" data-price=\"950\" rel=\"nofollow\" class=\"wp-block-button__link  add_to_cart_button\" data-no-translation=\"\" data-trp-gettext=\"\" data-no-translation-aria-label=\"\">Select options<\/a><\/div>\n<\/li>\n<li class=\"wc-block-grid__product\">\n\t\t\t\t<a href=\"https:\/\/iglabyv.com\/en\/product\/chemise-a-epaules-denudees-cristina\/\" class=\"wc-block-grid__product-link\"><\/p>\n<div class=\"wc-block-grid__product-onsale\">\n\t\t\t<span aria-hidden=\"true\" data-no-translation=\"\" data-trp-gettext=\"\">Sale<\/span><br \/>\n\t\t\t<span class=\"screen-reader-text\" data-no-translation=\"\" data-trp-gettext=\"\">Product on sale<\/span>\n\t\t<\/div>\n<div class=\"wc-block-grid__product-image\"><img loading=\"lazy\" decoding=\"async\" width=\"600\" height=\"900\" src=\"https:\/\/iglabyv.com\/wp-content\/uploads\/2024\/07\/Chemise-2-600x900.jpg\" class=\"attachment-woocommerce_thumbnail size-woocommerce_thumbnail\" alt=\"chemise \u00e0 \u00e9paules d\u00e9nud\u00e9es Cristina en coton \u2013 IGLA BY V\" srcset=\"https:\/\/iglabyv.com\/wp-content\/uploads\/2024\/07\/Chemise-2-600x900.jpg 600w, https:\/\/iglabyv.com\/wp-content\/uploads\/2024\/07\/Chemise-2-200x300.jpg 200w, https:\/\/iglabyv.com\/wp-content\/uploads\/2024\/07\/Chemise-2-683x1024.jpg 683w, https:\/\/iglabyv.com\/wp-content\/uploads\/2024\/07\/Chemise-2-768x1152.jpg 768w, https:\/\/iglabyv.com\/wp-content\/uploads\/2024\/07\/Chemise-2-8x12.jpg 8w, https:\/\/iglabyv.com\/wp-content\/uploads\/2024\/07\/Chemise-2.jpg 800w\" sizes=\"auto, (max-width: 600px) 100vw, 600px\" \/><\/div>\n<div class=\"wc-block-grid__product-title\">Women's off-the-shoulder cotton shirt \u2013 oversized fit | IGLA BY V<\/div>\n<p>\t\t\t\t<\/a><\/p>\n<div class=\"wc-block-grid__product-price price\"><del aria-hidden=\"true\"><span class=\"woocommerce-Price-amount amount\">690,00&nbsp;<span class=\"woocommerce-Price-currencySymbol\">&euro;<\/span><\/span><\/del> <span class=\"screen-reader-text\" data-no-translation=\"\" data-trp-gettext=\"\">Original price was: 690,00&nbsp;&euro;.<\/span><ins aria-hidden=\"true\"><span class=\"woocommerce-Price-amount amount\">410,00&nbsp;<span class=\"woocommerce-Price-currencySymbol\">&euro;<\/span><\/span><\/ins><span class=\"screen-reader-text\" data-no-translation=\"\" data-trp-gettext=\"\">Current price is: 410,00&nbsp;&euro;.<\/span><\/div>\n<div class=\"wp-block-button wc-block-grid__product-add-to-cart\"><a href=\"https:\/\/iglabyv.com\/en\/product\/chemise-a-epaules-denudees-cristina\/\" aria-label=\"Select options for \u201cChemise \u00e0 \u00e9paules d\u00e9nud\u00e9es en coton femme \u2013 coupe oversize | IGLA BY V\u201d\" data-quantity=\"1\" data-product_id=\"174\" data-product_sku=\"\" data-price=\"410\" rel=\"nofollow\" class=\"wp-block-button__link  add_to_cart_button\" data-no-translation=\"\" data-trp-gettext=\"\" data-no-translation-aria-label=\"\">Select options<\/a><\/div>\n<\/li>\n<li class=\"wc-block-grid__product\">\n\t\t\t\t<a href=\"https:\/\/iglabyv.com\/en\/product\/robe-asymetrique-tara\/\" class=\"wc-block-grid__product-link\"><\/p>\n<div class=\"wc-block-grid__product-onsale\">\n\t\t\t<span aria-hidden=\"true\" data-no-translation=\"\" data-trp-gettext=\"\">Sale<\/span><br \/>\n\t\t\t<span class=\"screen-reader-text\" data-no-translation=\"\" data-trp-gettext=\"\">Product on sale<\/span>\n\t\t<\/div>\n<div class=\"wc-block-grid__product-image\"><img loading=\"lazy\" decoding=\"async\" width=\"600\" height=\"900\" src=\"https:\/\/iglabyv.com\/wp-content\/uploads\/2024\/07\/Robe2-600x900.jpg\" class=\"attachment-woocommerce_thumbnail size-woocommerce_thumbnail\" alt=\"robe asym\u00e9trique Tara \u2013 IGLA BY V\" \/><\/div>\n<div class=\"wc-block-grid__product-title\">Women's asymmetrical dress \u2013 fitted cut | IGLA BY V<\/div>\n<p>\t\t\t\t<\/a><\/p>\n<div class=\"wc-block-grid__product-price price\"><del aria-hidden=\"true\"><span class=\"woocommerce-Price-amount amount\">900,00&nbsp;<span class=\"woocommerce-Price-currencySymbol\">&euro;<\/span><\/span><\/del> <span class=\"screen-reader-text\" data-no-translation=\"\" data-trp-gettext=\"\">Original price was: 900,00&nbsp;&euro;.<\/span><ins aria-hidden=\"true\"><span class=\"woocommerce-Price-amount amount\">540,00&nbsp;<span class=\"woocommerce-Price-currencySymbol\">&euro;<\/span><\/span><\/ins><span class=\"screen-reader-text\" data-no-translation=\"\" data-trp-gettext=\"\">Current price is: 540,00&nbsp;&euro;.<\/span><\/div>\n<div class=\"wp-block-button wc-block-grid__product-add-to-cart\"><a href=\"https:\/\/iglabyv.com\/en\/product\/robe-asymetrique-tara\/\" aria-label=\"Select options for \u201cRobe asym\u00e9trique femme - coupe ajust\u00e9e | IGLA BY V\u201d\" data-quantity=\"1\" data-product_id=\"199\" data-product_sku=\"\" data-price=\"540\" rel=\"nofollow\" class=\"wp-block-button__link  add_to_cart_button\" data-no-translation=\"\" data-trp-gettext=\"\" data-no-translation-aria-label=\"\">Select options<\/a><\/div>\n<\/li>\n<li class=\"wc-block-grid__product\">\n\t\t\t\t<a href=\"https:\/\/iglabyv.com\/en\/product\/jupe-crayon-viola\/\" class=\"wc-block-grid__product-link\"><\/p>\n<div class=\"wc-block-grid__product-onsale\">\n\t\t\t<span aria-hidden=\"true\" data-no-translation=\"\" data-trp-gettext=\"\">Sale<\/span><br \/>\n\t\t\t<span class=\"screen-reader-text\" data-no-translation=\"\" data-trp-gettext=\"\">Product on sale<\/span>\n\t\t<\/div>\n<div class=\"wc-block-grid__product-image\"><img loading=\"lazy\" decoding=\"async\" width=\"600\" height=\"900\" src=\"https:\/\/iglabyv.com\/wp-content\/uploads\/2024\/07\/Jupe-cerf-600x900.jpg\" class=\"attachment-woocommerce_thumbnail size-woocommerce_thumbnail\" alt=\"jupe crayon Viola en cuir de cerf \u2013 IGLA BY V\" srcset=\"https:\/\/iglabyv.com\/wp-content\/uploads\/2024\/07\/Jupe-cerf-600x900.jpg 600w, https:\/\/iglabyv.com\/wp-content\/uploads\/2024\/07\/Jupe-cerf-200x300.jpg 200w, https:\/\/iglabyv.com\/wp-content\/uploads\/2024\/07\/Jupe-cerf-683x1024.jpg 683w, https:\/\/iglabyv.com\/wp-content\/uploads\/2024\/07\/Jupe-cerf-768x1152.jpg 768w, https:\/\/iglabyv.com\/wp-content\/uploads\/2024\/07\/Jupe-cerf-8x12.jpg 8w, https:\/\/iglabyv.com\/wp-content\/uploads\/2024\/07\/Jupe-cerf.jpg 800w\" sizes=\"auto, (max-width: 600px) 100vw, 600px\" \/><\/div>\n<div class=\"wc-block-grid__product-title\">Women's high-waisted deer leather pencil skirt | IGLA BY V<\/div>\n<p>\t\t\t\t<\/a><\/p>\n<div class=\"wc-block-grid__product-price price\"><del aria-hidden=\"true\"><span class=\"woocommerce-Price-amount amount\">1490,00&nbsp;<span class=\"woocommerce-Price-currencySymbol\">&euro;<\/span><\/span><\/del> <span class=\"screen-reader-text\" data-no-translation=\"\" data-trp-gettext=\"\">Original price was: 1490,00&nbsp;&euro;.<\/span><ins aria-hidden=\"true\"><span class=\"woocommerce-Price-amount amount\">1190,00&nbsp;<span class=\"woocommerce-Price-currencySymbol\">&euro;<\/span><\/span><\/ins><span class=\"screen-reader-text\" data-no-translation=\"\" data-trp-gettext=\"\">Current price is: 1190,00&nbsp;&euro;.<\/span><\/div>\n<div class=\"wp-block-button wc-block-grid__product-add-to-cart\"><a href=\"https:\/\/iglabyv.com\/en\/product\/jupe-crayon-viola\/\" aria-label=\"Select options for \u201cJupe crayon en cuir de cerf femme \u2013 taille haute | IGLA BY V\u201d\" data-quantity=\"1\" data-product_id=\"187\" data-product_sku=\"\" data-price=\"1190\" rel=\"nofollow\" class=\"wp-block-button__link  add_to_cart_button\" data-no-translation=\"\" data-trp-gettext=\"\" data-no-translation-aria-label=\"\">Select options<\/a><\/div>\n<\/li>\n<\/ul>\n<\/div>\n<\/div>\n<\/div>\n\t<\/div>\n<\/div>\n\n\n\n\n\t\t\t<\/div> \n\t\t<\/div>\n\t<\/div> \n<\/div><\/div>","protected":false},"excerpt":{"rendered":"\u00a0 You may be interested in\u2026 \u00a0 \u00a0 \u00a0 \u00a0 \u00a0 \u00a0 \u00a0 \u00a0 \u00a0 \u00a0 \u00a0 Your cart is currently empty! New in store","protected":false},"author":2,"featured_media":0,"parent":0,"menu_order":0,"comment_status":"closed","ping_status":"closed","template":"","meta":{"om_disable_all_campaigns":false,"_uf_show_specific_survey":0,"_uf_disable_surveys":false,"footnotes":""},"class_list":["post-43","page","type-page","status-publish"],"aioseo_notices":[],"_links":{"self":[{"href":"https:\/\/iglabyv.com\/en\/wp-json\/wp\/v2\/pages\/43","targetHints":{"allow":["GET"]}}],"collection":[{"href":"https:\/\/iglabyv.com\/en\/wp-json\/wp\/v2\/pages"}],"about":[{"href":"https:\/\/iglabyv.com\/en\/wp-json\/wp\/v2\/types\/page"}],"author":[{"embeddable":true,"href":"https:\/\/iglabyv.com\/en\/wp-json\/wp\/v2\/users\/2"}],"replies":[{"embeddable":true,"href":"https:\/\/iglabyv.com\/en\/wp-json\/wp\/v2\/comments?post=43"}],"version-history":[{"count":3,"href":"https:\/\/iglabyv.com\/en\/wp-json\/wp\/v2\/pages\/43\/revisions"}],"predecessor-version":[{"id":547,"href":"https:\/\/iglabyv.com\/en\/wp-json\/wp\/v2\/pages\/43\/revisions\/547"}],"wp:attachment":[{"href":"https:\/\/iglabyv.com\/en\/wp-json\/wp\/v2\/media?parent=43"}],"curies":[{"name":"wp","href":"https:\/\/api.w.org\/{rel}","templated":true}]}}