{"id":14,"date":"2024-04-29T16:10:21","date_gmt":"2024-04-29T14:10:21","guid":{"rendered":"http:\/\/iglabyv.com\/?page_id=14"},"modified":"2025-11-11T16:10:08","modified_gmt":"2025-11-11T15:10:08","slug":"maison","status":"publish","type":"page","link":"https:\/\/iglabyv.com\/en\/maison\/","title":{"rendered":"Maison"},"content":{"rendered":"<div id=\"fws_69e1b2a1b2561\"  data-column-margin=\"default\" data-midnight=\"light\"  class=\"wpb_row vc_row-fluid vc_row full-width-content vc_row-o-full-height vc_row-o-columns-bottom vc_row-o-equal-height vc_row-flex vc_row-o-content-top\"  style=\"padding-top: 0px; padding-bottom: 0px; \"><div class=\"row-bg-wrap\" data-bg-animation=\"none\" data-bg-animation-delay=\"\" data-bg-overlay=\"false\"><div class=\"inner-wrap row-bg-layer using-image\" ><div class=\"row-bg viewport-desktop using-image\"  style=\"background-image: url(https:\/\/iglabyv.com\/wp-content\/uploads\/2024\/05\/hero.jpg); background-position: center bottom; background-repeat: no-repeat; \"><\/div><\/div><\/div><div class=\"row_col_wrap_12 col span_12 light left\">\n\t<div style=\"margin-bottom: 6%; \" class=\"vc_col-sm-12 wpb_column column_container vc_column_container col no-extra-padding force-desktop-text-align-center force-tablet-text-align-center force-phone-text-align-center inherit_tablet inherit_phone\"  data-padding-pos=\"all\" data-has-bg-color=\"false\" data-bg-color=\"\" data-bg-opacity=\"1\" data-animation=\"\" data-delay=\"0\" >\n\t\t<div class=\"vc_column-inner\" >\n\t\t\t<div class=\"wpb_wrapper\">\n\t\t\t\t<div id=\"fws_69e1b2a1b2e4f\" data-midnight=\"\" data-column-margin=\"default\" class=\"wpb_row vc_row-fluid vc_row inner_row\"  style=\"\"><div class=\"row-bg-wrap\"> <div class=\"row-bg\" ><\/div> <\/div><div class=\"row_col_wrap_12_inner col span_12  left\">\n\t<div  class=\"vc_col-sm-2 wpb_column column_container vc_column_container col child_column no-extra-padding inherit_tablet inherit_phone\"   data-padding-pos=\"all\" data-has-bg-color=\"false\" data-bg-color=\"\" data-bg-opacity=\"1\" data-animation=\"\" data-delay=\"0\" >\n\t\t<div class=\"vc_column-inner\" >\n\t\t<div class=\"wpb_wrapper\">\n\t\t\t\n\t\t<\/div> \n\t<\/div>\n\t<\/div> \n\n\t<div style=\" color: #ffffff;\" class=\"vc_col-sm-8 wpb_column column_container vc_column_container col child_column no-extra-padding inherit_tablet inherit_phone\" data-cfc=\"true\"  data-padding-pos=\"all\" data-has-bg-color=\"false\" data-bg-color=\"\" data-bg-opacity=\"1\" data-animation=\"\" data-delay=\"0\" >\n\t\t<div class=\"vc_column-inner\" >\n\t\t<div class=\"wpb_wrapper\">\n\t\t\t\n<div class=\"wpb_text_column wpb_content_element\" >\n\t<div class=\"wpb_wrapper\">\n\t\t<h5>Attendez-nous bient\u00f4t<\/h5>\n\t<\/div>\n<\/div>\n\n\n\n\n<div class=\"wpb_text_column wpb_content_element\" >\n\t<div class=\"wpb_wrapper\">\n\t\t<h1>LE SITE EST <em>en cours de<\/em> D\u00c9VELOPPEMENT<\/h1>\n\t<\/div>\n<\/div>\n\n\n\n\n\t\t<\/div> \n\t<\/div>\n\t<\/div> \n\n\t<div  class=\"vc_col-sm-2 wpb_column column_container vc_column_container col child_column no-extra-padding inherit_tablet inherit_phone\"   data-padding-pos=\"all\" data-has-bg-color=\"false\" data-bg-color=\"\" data-bg-opacity=\"1\" data-animation=\"\" data-delay=\"0\" >\n\t\t<div class=\"vc_column-inner\" >\n\t\t<div class=\"wpb_wrapper\">\n\t\t\t\n\t\t<\/div> \n\t<\/div>\n\t<\/div> \n<\/div><\/div><div id=\"fws_69e1b2a1b3a68\" data-midnight=\"\" data-column-margin=\"default\" class=\"wpb_row vc_row-fluid vc_row inner_row\"  style=\"\"><div class=\"row-bg-wrap\"> <div class=\"row-bg\" ><\/div> <\/div><div class=\"row_col_wrap_12_inner col span_12  left\">\n\t<div  class=\"vc_col-sm-4 wpb_column column_container vc_column_container col child_column no-extra-padding inherit_tablet inherit_phone\"   data-padding-pos=\"all\" data-has-bg-color=\"false\" data-bg-color=\"\" data-bg-opacity=\"1\" data-animation=\"\" data-delay=\"0\" >\n\t\t<div class=\"vc_column-inner\" >\n\t\t<div class=\"wpb_wrapper\">\n\t\t\t\n\t\t<\/div> \n\t<\/div>\n\t<\/div> \n\n\t<div style=\" color: #1c1c1c;margin-top: 3%; \" class=\"vc_col-sm-4 wpb_column column_container vc_column_container col child_column no-extra-padding top_margin_tablet_6pct bottom_margin_tablet_8pct padding-7-percent_tablet padding-7-percent_phone\" data-cfc=\"true\"  data-padding-pos=\"left-right\" data-has-bg-color=\"false\" data-bg-color=\"\" data-bg-opacity=\"1\" data-animation=\"\" data-delay=\"0\" >\n\t\t<div class=\"vc_column-inner\" >\n\t\t<div class=\"wpb_wrapper\">\n\t\t\t\n<div class=\"wpb_text_column wpb_content_element\" >\n\t<div class=\"wpb_wrapper\">\n\t\t\t\t\t\t\t<script type=\"text\/javascript\">\n\t\t\t\t\t\tvar gCaptchaSibWidget;\n                        var onloadSibCallbackInvisible = function () {\n\n                            var element = document.getElementsByClassName('sib-default-btn');\n                            var countInvisible = 0;\n                            var indexArray = [];\n                            jQuery('.sib-default-btn').each(function (index, el) {\n                                if ((jQuery(el).attr('id') == \"invisible\")) {\n                                    indexArray[countInvisible] = index;\n                                    countInvisible++\n                                }\n                            });\n\n                            jQuery('.invi-recaptcha').each(function (index, el) {\n                                grecaptcha.render(element[indexArray[index]], {\n                                    'sitekey': jQuery(el).attr('data-sitekey'),\n                                    'callback': sibVerifyCallback,\n                                });\n                            });\n                        };\n\t\t\t\t\t<\/script>\n\t\t\t\t\t                <script src=\"https:\/\/www.google.com\/recaptcha\/api.js?onload=onloadSibCallbackInvisible&render=explicit\" async defer><\/script>\n\t\t\t\t\n\t\t\t<form id=\"sib_signup_form_2\" method=\"post\" class=\"sib_signup_form\">\n\t\t\t\t<div class=\"sib_loader\" style=\"display:none;\"><img\n\t\t\t\t\t\t\tsrc=\"https:\/\/iglabyv.com\/wp-includes\/images\/spinner.gif\" alt=\"loader\"><\/div>\n\t\t\t\t<input type=\"hidden\" name=\"sib_form_action\" value=\"subscribe_form_submit\">\n\t\t\t\t<input type=\"hidden\" name=\"sib_form_id\" value=\"2\">\n                <input type=\"hidden\" name=\"sib_form_alert_notice\" value=\"Merci de remplir ce champ\">\n                <input type=\"hidden\" name=\"sib_form_invalid_email_notice\" value=\"Votre adresse email est invalide\">\n                <input type=\"hidden\" name=\"sib_security\" value=\"b7d89e58e8\">\n\t\t\t\t<div class=\"sib_signup_box_inside_2\">\n\t\t\t\t\t<div style=\"\/*display:none*\/\" class=\"sib_msg_disp\">\n\t\t\t\t\t<\/div>\n                                            <div id=\"sib_captcha_invisible\" class=\"invi-recaptcha\" data-sitekey=\"6LezQ1MqAAAAAONAQMBA6Aq4cE0Sjz07HreOB9Wv\"><\/div>\n                    \t\t\t\t\t <p class=\"sib-email-area\">\r\n    <input type=\"email\" class=\"sib-email-area\" placeholder=\"Your email address*\" name=\"email\" required=\"required\">\r\n<\/p>\r\n<p>\r\n    <input type=\"submit\" id=\"invisible\" class=\"sib-default-btn\" value=\"Subscribe\">\r\n<br>\r\n<h6><input type=\"checkbox\" name=\"terms\" required=\"required\"> I agree to receive the IGL\u0410 BY V newsletter to be informed exclusively about new collections, exclusive product launches and special events. By subscribing, I accept the <a href=\"\/en\/charte-sur-le-respect-de-la-vie-privee\/\"><u>Privacy Policy<\/u><\/a> from IGLA BY V.<\/h6>\r\n\t\t\t\t<\/div>\n\t\t\t<input type=\"hidden\" name=\"trp-form-language\" value=\"en\"\/><\/form>\n\t\t\t<style>\n\t\t\t\tform#sib_signup_form_2 { padding: 5px; -moz-box-sizing:border-box; -webkit-box-sizing: border-box; box-sizing: border-box; } form#sib_signup_form_2 input[type=text],form#sib_signup_form_2 input[type=email], form#sib_signup_form_2 select { width: 100%; border: 1px solid #bbb; height: auto; margin: 5px 0 0 0; } form#sib_signup_form_2 .sib-default-btn { margin: 5px 0; padding: 6px 12px; color:#fff; background-color: #1c1c1c; border-color: #1c1c1c; font-size: 14px; font-weight:400; line-height: 1.4285; text-align: center; cursor: pointer; vertical-align: middle; -webkit-user-select:none; -moz-user-select:none; -ms-user-select:none; user-select:none; white-space: normal; border:1px solid transparent; border-radius: 30px; } form#sib_signup_form_2 .sib-default-btn:hover { background-color: #1c1c1c; } form#sib_signup_form_2 p{ margin: 10px 0 0 0; }form#sib_signup_form_2 p.sib-alert-message {\n    padding: 6px 12px;\n    margin-bottom: 20px;\n    border: 1px solid transparent;\n    border-radius: 4px;\n    -webkit-box-sizing: border-box;\n    -moz-box-sizing: border-box;\n    box-sizing: border-box;\n}\nform#sib_signup_form_2 p.sib-alert-message-error {\n    background-color: #f2dede;\n    border-color: #ebccd1;\n    color: #a94442;\n}\nform#sib_signup_form_2 p.sib-alert-message-success {\n    background-color: #dff0d8;\n    border-color: #d6e9c6;\n    color: #3c763d;\n}\nform#sib_signup_form_2 p.sib-alert-message-warning {\n    background-color: #fcf8e3;\n    border-color: #faebcc;\n    color: #8a6d3b;\n}\n\t\t\t<\/style>\n\t\t\t\n\t<\/div>\n<\/div>\n\n\n\n\n\t\t<\/div> \n\t<\/div>\n\t<\/div> \n\n\t<div  class=\"vc_col-sm-4 wpb_column column_container vc_column_container col child_column no-extra-padding inherit_tablet inherit_phone\"   data-padding-pos=\"all\" data-has-bg-color=\"false\" data-bg-color=\"\" data-bg-opacity=\"1\" data-animation=\"\" data-delay=\"0\" >\n\t\t<div class=\"vc_column-inner\" >\n\t\t<div class=\"wpb_wrapper\">\n\t\t\t\n\t\t<\/div> \n\t<\/div>\n\t<\/div> \n<\/div><\/div>\n\t\t\t<\/div> \n\t\t<\/div>\n\t<\/div> \n<\/div><\/div>","protected":false},"excerpt":{"rendered":"Attendez-nous bient\u00f4t LE SITE EST en cours de D\u00c9VELOPPEMENT J\u2019accepte de recevoir la newsletter d\u2019IGL\u0410 BY V pour \u00eatre inform\u00e9(e) en exclusivit\u00e9 des nouvelles collections, des lancements de produits exclusifs...","protected":false},"author":2,"featured_media":0,"parent":0,"menu_order":0,"comment_status":"closed","ping_status":"closed","template":"","meta":{"om_disable_all_campaigns":false,"_uf_show_specific_survey":0,"_uf_disable_surveys":false,"footnotes":""},"class_list":["post-14","page","type-page","status-publish"],"aioseo_notices":[],"_links":{"self":[{"href":"https:\/\/iglabyv.com\/en\/wp-json\/wp\/v2\/pages\/14","targetHints":{"allow":["GET"]}}],"collection":[{"href":"https:\/\/iglabyv.com\/en\/wp-json\/wp\/v2\/pages"}],"about":[{"href":"https:\/\/iglabyv.com\/en\/wp-json\/wp\/v2\/types\/page"}],"author":[{"embeddable":true,"href":"https:\/\/iglabyv.com\/en\/wp-json\/wp\/v2\/users\/2"}],"replies":[{"embeddable":true,"href":"https:\/\/iglabyv.com\/en\/wp-json\/wp\/v2\/comments?post=14"}],"version-history":[{"count":11,"href":"https:\/\/iglabyv.com\/en\/wp-json\/wp\/v2\/pages\/14\/revisions"}],"predecessor-version":[{"id":947,"href":"https:\/\/iglabyv.com\/en\/wp-json\/wp\/v2\/pages\/14\/revisions\/947"}],"wp:attachment":[{"href":"https:\/\/iglabyv.com\/en\/wp-json\/wp\/v2\/media?parent=14"}],"curies":[{"name":"wp","href":"https:\/\/api.w.org\/{rel}","templated":true}]}}